{"id":1148,"date":"2021-04-20T12:16:17","date_gmt":"2021-04-20T15:16:17","guid":{"rendered":"https:\/\/biof.ufrj.br\/?page_id=1148"},"modified":"2025-04-02T17:21:29","modified_gmt":"2025-04-02T20:21:29","slug":"formularios","status":"publish","type":"page","link":"https:\/\/biof.ufrj.br\/en\/ibccf\/formularios\/","title":{"rendered":"Institutional Forms"},"content":{"rendered":"<div data-elementor-type=\"wp-page\" data-elementor-id=\"1148\" class=\"elementor elementor-1148\" data-elementor-post-type=\"page\">\n\t\t\t\t\t\t<section data-particle_enable=\"false\" data-particle-mobile-disabled=\"false\" class=\"elementor-section elementor-top-section elementor-element elementor-element-4ea4bc6 elementor-section-boxed elementor-section-height-default elementor-section-height-default\" data-id=\"4ea4bc6\" data-element_type=\"section\" data-e-type=\"section\">\n\t\t\t\t\t\t<div class=\"elementor-container elementor-column-gap-default\">\n\t\t\t\t\t<div class=\"elementor-column elementor-col-100 elementor-top-column elementor-element elementor-element-4d3617c\" data-id=\"4d3617c\" data-element_type=\"column\" data-e-type=\"column\">\n\t\t\t<div class=\"elementor-widget-wrap elementor-element-populated\">\n\t\t\t\t\t\t<div class=\"elementor-element elementor-element-5b93f2b elementor-widget elementor-widget-heading\" data-id=\"5b93f2b\" data-element_type=\"widget\" data-e-type=\"widget\" data-widget_type=\"heading.default\">\n\t\t\t\t<div class=\"elementor-widget-container\">\n\t\t\t\t\t<h4 class=\"elementor-heading-title elementor-size-default\">Institutional Forms<\/h4>\t\t\t\t<\/div>\n\t\t\t\t<\/div>\n\t\t\t\t\t<\/div>\n\t\t<\/div>\n\t\t\t\t\t<\/div>\n\t\t<\/section>\n\t\t\t\t<section data-particle_enable=\"false\" data-particle-mobile-disabled=\"false\" class=\"elementor-section elementor-top-section elementor-element elementor-element-ddbb2dd elementor-section-boxed elementor-section-height-default elementor-section-height-default\" data-id=\"ddbb2dd\" data-element_type=\"section\" data-e-type=\"section\">\n\t\t\t\t\t\t<div class=\"elementor-container elementor-column-gap-default\">\n\t\t\t\t\t<div class=\"elementor-column elementor-col-100 elementor-top-column elementor-element elementor-element-7342f1c\" data-id=\"7342f1c\" data-element_type=\"column\" data-e-type=\"column\">\n\t\t\t<div class=\"elementor-widget-wrap elementor-element-populated\">\n\t\t\t\t\t\t<div class=\"elementor-element elementor-element-83ff205 elementor-widget elementor-widget-text-editor\" data-id=\"83ff205\" data-element_type=\"widget\" data-e-type=\"widget\" data-widget_type=\"text-editor.default\">\n\t\t\t\t<div class=\"elementor-widget-container\">\n\t\t\t\t\t\t\t\t\t<p><a href=\"https:\/\/biof.ufrj.br\/wp-content\/uploads\/2025\/04\/Politica-de-uso-e-solicitacao-do-Email-Institucional-do-IBCCF_v4.pdf\">POL\u00cdTICA DE USO E SOLICITA\u00c7\u00c3O DO E-MAIL INSTITUCIONAL DO IBCCF<\/a><\/p><blockquote><p>Ap\u00f3s o preenchimento, este formul\u00e1rio deve ser encaminhado para <a href=\"mailto:diaswb@biof.ufrj.br\" target=\"_blank\" rel=\"noopener noreferrer\">diaswb@biof.ufrj.br<\/a>.<\/p><\/blockquote><p><a href=\"https:\/\/biof.ufrj.br\/wp-content\/uploads\/2022\/01\/AUTORIZACAO-DE-SAIDA-DE-MATERIAL_v240122.docx\" target=\"_blank\" rel=\"noopener\">AUTORIZA\u00c7\u00c3O DE SA\u00cdDA DE MATERIAL DO PR\u00c9DIO<\/a><\/p><p><a href=\"https:\/\/forms.gle\/cBbuZWJaWY1BvMUq5\" target=\"_blank\" rel=\"noopener\">SOLICITA\u00c7\u00c3O DE SERVI\u00c7O DE MANUTEN\u00c7\u00c3O<\/a><\/p><p><a href=\"https:\/\/forms.gle\/n89brwqhorBmTPSWA\" target=\"_blank\" rel=\"noopener\">CADASTRO DE EQUIPAMENTOS NA REDE WI-FI IBCCF-IoT<\/a><\/p>\t\t\t\t\t\t\t\t<\/div>\n\t\t\t\t<\/div>\n\t\t\t\t\t<\/div>\n\t\t<\/div>\n\t\t\t\t\t<\/div>\n\t\t<\/section>\n\t\t\t\t<\/div>","protected":false},"excerpt":{"rendered":"<p>Formul\u00e1rios Institucionais POL\u00cdTICA DE USO E SOLICITA\u00c7\u00c3O DO E-MAIL INSTITUCIONAL DO IBCCF Ap\u00f3s o preenchimento, este formul\u00e1rio deve ser encaminhado para diaswb@biof.ufrj.br. AUTORIZA\u00c7\u00c3O DE SA\u00cdDA DE MATERIAL DO PR\u00c9DIO SOLICITA\u00c7\u00c3O DE SERVI\u00c7O DE MANUTEN\u00c7\u00c3O CADASTRO DE EQUIPAMENTOS NA REDE WI-FI IBCCF-IoT<\/p>","protected":false},"author":1,"featured_media":0,"parent":76,"menu_order":0,"comment_status":"closed","ping_status":"closed","template":"","meta":{"footnotes":""},"class_list":["post-1148","page","type-page","status-publish","hentry"],"yoast_head":"<!-- This site is optimized with the Yoast SEO plugin v27.5 - https:\/\/yoast.com\/product\/yoast-seo-wordpress\/ -->\n<title>Formul\u00e1rios Institucionais - Instituto de Biofisica Carlos Chagas Filho<\/title>\n<meta name=\"robots\" content=\"index, follow, max-snippet:-1, max-image-preview:large, max-video-preview:-1\" \/>\n<link rel=\"canonical\" href=\"https:\/\/biof.ufrj.br\/en\/ibccf\/formularios\/\" \/>\n<meta property=\"og:locale\" content=\"en_US\" \/>\n<meta property=\"og:type\" content=\"article\" \/>\n<meta property=\"og:title\" content=\"Formul\u00e1rios Institucionais - Instituto de Biofisica Carlos Chagas Filho\" \/>\n<meta property=\"og:description\" content=\"Formul\u00e1rios Institucionais POL\u00cdTICA DE USO E SOLICITA\u00c7\u00c3O DO E-MAIL INSTITUCIONAL DO IBCCF Ap\u00f3s o preenchimento, este formul\u00e1rio deve ser encaminhado para diaswb@biof.ufrj.br. AUTORIZA\u00c7\u00c3O DE SA\u00cdDA DE MATERIAL DO PR\u00c9DIO SOLICITA\u00c7\u00c3O DE SERVI\u00c7O DE MANUTEN\u00c7\u00c3O CADASTRO DE EQUIPAMENTOS NA REDE WI-FI IBCCF-IoT\" \/>\n<meta property=\"og:url\" content=\"https:\/\/biof.ufrj.br\/en\/ibccf\/formularios\/\" \/>\n<meta property=\"og:site_name\" content=\"Instituto de Biofisica Carlos Chagas Filho\" \/>\n<meta property=\"article:modified_time\" content=\"2025-04-02T20:21:29+00:00\" \/>\n<meta name=\"twitter:card\" content=\"summary_large_image\" \/>\n<meta name=\"twitter:label1\" content=\"Est. reading time\" \/>\n\t<meta name=\"twitter:data1\" content=\"1 minute\" \/>\n<script type=\"application\/ld+json\" class=\"yoast-schema-graph\">{\"@context\":\"https:\\\/\\\/schema.org\",\"@graph\":[{\"@type\":\"WebPage\",\"@id\":\"https:\\\/\\\/biof.ufrj.br\\\/ibccf\\\/formularios\\\/\",\"url\":\"https:\\\/\\\/biof.ufrj.br\\\/ibccf\\\/formularios\\\/\",\"name\":\"Formul\u00e1rios Institucionais - Instituto de Biofisica Carlos Chagas Filho\",\"isPartOf\":{\"@id\":\"https:\\\/\\\/biof.ufrj.br\\\/#website\"},\"datePublished\":\"2021-04-20T15:16:17+00:00\",\"dateModified\":\"2025-04-02T20:21:29+00:00\",\"breadcrumb\":{\"@id\":\"https:\\\/\\\/biof.ufrj.br\\\/ibccf\\\/formularios\\\/#breadcrumb\"},\"inLanguage\":\"en-US\",\"potentialAction\":[{\"@type\":\"ReadAction\",\"target\":[\"https:\\\/\\\/biof.ufrj.br\\\/ibccf\\\/formularios\\\/\"]}]},{\"@type\":\"BreadcrumbList\",\"@id\":\"https:\\\/\\\/biof.ufrj.br\\\/ibccf\\\/formularios\\\/#breadcrumb\",\"itemListElement\":[{\"@type\":\"ListItem\",\"position\":1,\"name\":\"In\u00edcio\",\"item\":\"https:\\\/\\\/biof.ufrj.br\\\/\"},{\"@type\":\"ListItem\",\"position\":2,\"name\":\"IBCCF\",\"item\":\"https:\\\/\\\/biof.ufrj.br\\\/\"},{\"@type\":\"ListItem\",\"position\":3,\"name\":\"Formul\u00e1rios Institucionais\"}]},{\"@type\":\"WebSite\",\"@id\":\"https:\\\/\\\/biof.ufrj.br\\\/#website\",\"url\":\"https:\\\/\\\/biof.ufrj.br\\\/\",\"name\":\"Instituto de Biofisica Carlos Chagas Filho\",\"description\":\"Instituto de Biof\u00edsica Carlos Chagas Filho\",\"publisher\":{\"@id\":\"https:\\\/\\\/biof.ufrj.br\\\/#organization\"},\"potentialAction\":[{\"@type\":\"SearchAction\",\"target\":{\"@type\":\"EntryPoint\",\"urlTemplate\":\"https:\\\/\\\/biof.ufrj.br\\\/?s={search_term_string}\"},\"query-input\":{\"@type\":\"PropertyValueSpecification\",\"valueRequired\":true,\"valueName\":\"search_term_string\"}}],\"inLanguage\":\"en-US\"},{\"@type\":\"Organization\",\"@id\":\"https:\\\/\\\/biof.ufrj.br\\\/#organization\",\"name\":\"Instituto de Biofisica Carlos Chagas Filho\",\"url\":\"https:\\\/\\\/biof.ufrj.br\\\/\",\"logo\":{\"@type\":\"ImageObject\",\"inLanguage\":\"en-US\",\"@id\":\"https:\\\/\\\/biof.ufrj.br\\\/#\\\/schema\\\/logo\\\/image\\\/\",\"url\":\"https:\\\/\\\/biof.ufrj.br\\\/wp-content\\\/uploads\\\/2020\\\/09\\\/cropped-logo-IBCCF-comnome.png\",\"contentUrl\":\"https:\\\/\\\/biof.ufrj.br\\\/wp-content\\\/uploads\\\/2020\\\/09\\\/cropped-logo-IBCCF-comnome.png\",\"width\":626,\"height\":195,\"caption\":\"Instituto de Biofisica Carlos Chagas Filho\"},\"image\":{\"@id\":\"https:\\\/\\\/biof.ufrj.br\\\/#\\\/schema\\\/logo\\\/image\\\/\"}}]}<\/script>\n<!-- \/ Yoast SEO plugin. -->","yoast_head_json":{"title":"Formul\u00e1rios Institucionais - Instituto de Biofisica Carlos Chagas Filho","robots":{"index":"index","follow":"follow","max-snippet":"max-snippet:-1","max-image-preview":"max-image-preview:large","max-video-preview":"max-video-preview:-1"},"canonical":"https:\/\/biof.ufrj.br\/en\/ibccf\/formularios\/","og_locale":"en_US","og_type":"article","og_title":"Formul\u00e1rios Institucionais - Instituto de Biofisica Carlos Chagas Filho","og_description":"Formul\u00e1rios Institucionais POL\u00cdTICA DE USO E SOLICITA\u00c7\u00c3O DO E-MAIL INSTITUCIONAL DO IBCCF Ap\u00f3s o preenchimento, este formul\u00e1rio deve ser encaminhado para diaswb@biof.ufrj.br. AUTORIZA\u00c7\u00c3O DE SA\u00cdDA DE MATERIAL DO PR\u00c9DIO SOLICITA\u00c7\u00c3O DE SERVI\u00c7O DE MANUTEN\u00c7\u00c3O CADASTRO DE EQUIPAMENTOS NA REDE WI-FI IBCCF-IoT","og_url":"https:\/\/biof.ufrj.br\/en\/ibccf\/formularios\/","og_site_name":"Instituto de Biofisica Carlos Chagas Filho","article_modified_time":"2025-04-02T20:21:29+00:00","twitter_card":"summary_large_image","twitter_misc":{"Est. reading time":"1 minute"},"schema":{"@context":"https:\/\/schema.org","@graph":[{"@type":"WebPage","@id":"https:\/\/biof.ufrj.br\/ibccf\/formularios\/","url":"https:\/\/biof.ufrj.br\/ibccf\/formularios\/","name":"Formul\u00e1rios Institucionais - Instituto de Biofisica Carlos Chagas Filho","isPartOf":{"@id":"https:\/\/biof.ufrj.br\/#website"},"datePublished":"2021-04-20T15:16:17+00:00","dateModified":"2025-04-02T20:21:29+00:00","breadcrumb":{"@id":"https:\/\/biof.ufrj.br\/ibccf\/formularios\/#breadcrumb"},"inLanguage":"en-US","potentialAction":[{"@type":"ReadAction","target":["https:\/\/biof.ufrj.br\/ibccf\/formularios\/"]}]},{"@type":"BreadcrumbList","@id":"https:\/\/biof.ufrj.br\/ibccf\/formularios\/#breadcrumb","itemListElement":[{"@type":"ListItem","position":1,"name":"In\u00edcio","item":"https:\/\/biof.ufrj.br\/"},{"@type":"ListItem","position":2,"name":"IBCCF","item":"https:\/\/biof.ufrj.br\/"},{"@type":"ListItem","position":3,"name":"Formul\u00e1rios Institucionais"}]},{"@type":"WebSite","@id":"https:\/\/biof.ufrj.br\/#website","url":"https:\/\/biof.ufrj.br\/","name":"Instituto de Biofisica Carlos Chagas Filho","description":"Carlos Chagas Filho Biophysics Institute","publisher":{"@id":"https:\/\/biof.ufrj.br\/#organization"},"potentialAction":[{"@type":"SearchAction","target":{"@type":"EntryPoint","urlTemplate":"https:\/\/biof.ufrj.br\/?s={search_term_string}"},"query-input":{"@type":"PropertyValueSpecification","valueRequired":true,"valueName":"search_term_string"}}],"inLanguage":"en-US"},{"@type":"Organization","@id":"https:\/\/biof.ufrj.br\/#organization","name":"Instituto de Biofisica Carlos Chagas Filho","url":"https:\/\/biof.ufrj.br\/","logo":{"@type":"ImageObject","inLanguage":"en-US","@id":"https:\/\/biof.ufrj.br\/#\/schema\/logo\/image\/","url":"https:\/\/biof.ufrj.br\/wp-content\/uploads\/2020\/09\/cropped-logo-IBCCF-comnome.png","contentUrl":"https:\/\/biof.ufrj.br\/wp-content\/uploads\/2020\/09\/cropped-logo-IBCCF-comnome.png","width":626,"height":195,"caption":"Instituto de Biofisica Carlos Chagas Filho"},"image":{"@id":"https:\/\/biof.ufrj.br\/#\/schema\/logo\/image\/"}}]}},"_links":{"self":[{"href":"https:\/\/biof.ufrj.br\/en\/wp-json\/wp\/v2\/pages\/1148","targetHints":{"allow":["GET"]}}],"collection":[{"href":"https:\/\/biof.ufrj.br\/en\/wp-json\/wp\/v2\/pages"}],"about":[{"href":"https:\/\/biof.ufrj.br\/en\/wp-json\/wp\/v2\/types\/page"}],"author":[{"embeddable":true,"href":"https:\/\/biof.ufrj.br\/en\/wp-json\/wp\/v2\/users\/1"}],"replies":[{"embeddable":true,"href":"https:\/\/biof.ufrj.br\/en\/wp-json\/wp\/v2\/comments?post=1148"}],"version-history":[{"count":42,"href":"https:\/\/biof.ufrj.br\/en\/wp-json\/wp\/v2\/pages\/1148\/revisions"}],"predecessor-version":[{"id":2027,"href":"https:\/\/biof.ufrj.br\/en\/wp-json\/wp\/v2\/pages\/1148\/revisions\/2027"}],"up":[{"embeddable":true,"href":"https:\/\/biof.ufrj.br\/en\/wp-json\/wp\/v2\/pages\/76"}],"wp:attachment":[{"href":"https:\/\/biof.ufrj.br\/en\/wp-json\/wp\/v2\/media?parent=1148"}],"curies":[{"name":"wp","href":"https:\/\/api.w.org\/{rel}","templated":true}]}}