{"id":1697,"date":"2023-07-05T13:01:01","date_gmt":"2023-07-05T16:01:01","guid":{"rendered":"https:\/\/biof.ufrj.br\/?page_id=1697"},"modified":"2025-09-12T11:23:01","modified_gmt":"2025-09-12T14:23:01","slug":"segundo-andar","status":"publish","type":"page","link":"https:\/\/biof.ufrj.br\/en\/segundo-andar\/","title":{"rendered":"SEGUNDO ANDAR"},"content":{"rendered":"<div data-elementor-type=\"wp-page\" data-elementor-id=\"1697\" class=\"elementor elementor-1697\" data-elementor-post-type=\"page\">\n\t\t\t\t\t\t<section data-particle_enable=\"false\" data-particle-mobile-disabled=\"false\" class=\"elementor-section elementor-top-section elementor-element elementor-element-1189b35 elementor-section-boxed elementor-section-height-default elementor-section-height-default\" data-id=\"1189b35\" data-element_type=\"section\" data-e-type=\"section\">\n\t\t\t\t\t\t<div class=\"elementor-container elementor-column-gap-default\">\n\t\t\t\t\t<div class=\"elementor-column elementor-col-100 elementor-top-column elementor-element elementor-element-74305b8\" data-id=\"74305b8\" data-element_type=\"column\" data-e-type=\"column\">\n\t\t\t<div class=\"elementor-widget-wrap elementor-element-populated\">\n\t\t\t\t\t\t<div class=\"elementor-element elementor-element-0d00e98 elementor-nav-menu--dropdown-tablet elementor-nav-menu__text-align-aside elementor-nav-menu--toggle elementor-nav-menu--burger elementor-widget elementor-widget-nav-menu\" data-id=\"0d00e98\" data-element_type=\"widget\" data-e-type=\"widget\" data-settings=\"{&quot;layout&quot;:&quot;horizontal&quot;,&quot;submenu_icon&quot;:{&quot;value&quot;:&quot;&lt;i class=\\&quot;fas fa-caret-down\\&quot; aria-hidden=\\&quot;true\\&quot;&gt;&lt;\\\/i&gt;&quot;,&quot;library&quot;:&quot;fa-solid&quot;},&quot;toggle&quot;:&quot;burger&quot;}\" data-widget_type=\"nav-menu.default\">\n\t\t\t\t<div class=\"elementor-widget-container\">\n\t\t\t\t\t\t\t\t<nav aria-label=\"Menu\" class=\"elementor-nav-menu--main elementor-nav-menu__container elementor-nav-menu--layout-horizontal e--pointer-underline e--animation-fade\">\n\t\t\t\t<ul id=\"menu-1-0d00e98\" class=\"elementor-nav-menu\"><li class=\"menu-item menu-item-type-post_type menu-item-object-page menu-item-1707\"><a href=\"https:\/\/biof.ufrj.br\/en\/espaco-multiusuario-andar-terreo\/\" class=\"elementor-item\">ESPA\u00c7O MULTIUSU\u00c1RIO (ANDAR T\u00c9RREO)<\/a><\/li>\n<li class=\"menu-item menu-item-type-post_type menu-item-object-page menu-item-1706\"><a href=\"https:\/\/biof.ufrj.br\/en\/primeiro-andar\/\" class=\"elementor-item\">PRIMEIRO ANDAR<\/a><\/li>\n<li class=\"menu-item menu-item-type-post_type menu-item-object-page menu-item-1705\"><a href=\"https:\/\/biof.ufrj.br\/en\/segundo-andar\/\" class=\"elementor-item\">SEGUNDO ANDAR<\/a><\/li>\n<li class=\"menu-item menu-item-type-post_type menu-item-object-page menu-item-1704\"><a href=\"https:\/\/biof.ufrj.br\/en\/terceiro-andar\/\" class=\"elementor-item\">TERCEIRO ANDAR<\/a><\/li>\n<li class=\"menu-item menu-item-type-post_type menu-item-object-page menu-item-1703\"><a href=\"https:\/\/biof.ufrj.br\/en\/quarto-andar\/\" class=\"elementor-item\">QUARTO ANDAR<\/a><\/li>\n<\/ul>\t\t\t<\/nav>\n\t\t\t\t\t<div class=\"elementor-menu-toggle\" role=\"button\" tabindex=\"0\" aria-label=\"Menu Toggle\" aria-expanded=\"false\">\n\t\t\t<i aria-hidden=\"true\" role=\"presentation\" class=\"elementor-menu-toggle__icon--open eicon-menu-bar\"><\/i><i aria-hidden=\"true\" role=\"presentation\" class=\"elementor-menu-toggle__icon--close eicon-close\"><\/i>\t\t<\/div>\n\t\t\t\t\t<nav class=\"elementor-nav-menu--dropdown elementor-nav-menu__container\" aria-hidden=\"true\">\n\t\t\t\t<ul id=\"menu-2-0d00e98\" class=\"elementor-nav-menu\"><li class=\"menu-item menu-item-type-post_type menu-item-object-page menu-item-1707\"><a href=\"https:\/\/biof.ufrj.br\/en\/espaco-multiusuario-andar-terreo\/\" class=\"elementor-item\" tabindex=\"-1\">ESPA\u00c7O MULTIUSU\u00c1RIO (ANDAR T\u00c9RREO)<\/a><\/li>\n<li class=\"menu-item menu-item-type-post_type menu-item-object-page menu-item-1706\"><a href=\"https:\/\/biof.ufrj.br\/en\/primeiro-andar\/\" class=\"elementor-item\" tabindex=\"-1\">PRIMEIRO ANDAR<\/a><\/li>\n<li class=\"menu-item menu-item-type-post_type menu-item-object-page menu-item-1705\"><a href=\"https:\/\/biof.ufrj.br\/en\/segundo-andar\/\" class=\"elementor-item\" tabindex=\"-1\">SEGUNDO ANDAR<\/a><\/li>\n<li class=\"menu-item menu-item-type-post_type menu-item-object-page menu-item-1704\"><a href=\"https:\/\/biof.ufrj.br\/en\/terceiro-andar\/\" class=\"elementor-item\" tabindex=\"-1\">TERCEIRO ANDAR<\/a><\/li>\n<li class=\"menu-item menu-item-type-post_type menu-item-object-page menu-item-1703\"><a href=\"https:\/\/biof.ufrj.br\/en\/quarto-andar\/\" class=\"elementor-item\" tabindex=\"-1\">QUARTO ANDAR<\/a><\/li>\n<\/ul>\t\t\t<\/nav>\n\t\t\t\t\t\t<\/div>\n\t\t\t\t<\/div>\n\t\t\t\t<div class=\"elementor-element elementor-element-5e7b172 elementor-widget elementor-widget-text-editor\" data-id=\"5e7b172\" data-element_type=\"widget\" data-e-type=\"widget\" data-widget_type=\"text-editor.default\">\n\t\t\t\t<div class=\"elementor-widget-container\">\n\t\t\t\t\t\t\t\t\t<p><span style=\"color: #000000;\">O segundo andar \u00e9 compartilhado por tr\u00eas laborat\u00f3rios de pesquisa:<\/span><\/p><p><span style=\"color: #000000;\"><strong>&#8211; Laborat\u00f3rio de Cardiologia Celular e Molecular<\/strong>.<\/span><\/p><p><span style=\"color: #000000;\">Professores pesquisadores: Antonio Carlos Campos de Carvalho, <\/span><span style=\"color: #000000;\">Adriana Carvalho,<\/span><span style=\"color: #000000;\"> Tais Brunswick e <\/span><span style=\"color: #000000;\">Regina Goldenberg.<\/span><\/p><p><span style=\"color: #000000;\"><strong>&#8211; Laborat\u00f3rio de Eletrofisiologia Card\u00edaca Antonio Paes de Carvalho<\/strong>.<\/span><\/p><p><span style=\"color: #000000;\">Professores pesquisadores: Jos\u00e9 Hamilton Nascimento, <\/span><span style=\"color: #000000;\">Leonardo Maciel e <\/span><span style=\"color: #000000;\">Fernando Seara.<\/span><\/p><p><span style=\"color: #000000;\"><strong>&#8211; Laborat\u00f3rio de Fisiologia End\u00f3crina<\/strong>.<\/span><\/p><p><span style=\"color: #000000;\">Professoras pesquisadoras: Denise Pires de Carvalho e\u00a0 <\/span><span style=\"color: #000000;\">Glaecir Dias.<\/span><\/p><p><span style=\"color: #000000;\"><strong>&#8211; Laborat\u00f3rio de Terapia G\u00eanica e Vetores Virais (LTGVV)<\/strong>.<\/span><\/p><p><span style=\"color: #000000;\">Professora pesquisadora: Hilda Petrs Silva<\/span><span style=\"color: #000000;\">.<\/span><\/p>\t\t\t\t\t\t\t\t<\/div>\n\t\t\t\t<\/div>\n\t\t\t\t\t<\/div>\n\t\t<\/div>\n\t\t\t\t\t<\/div>\n\t\t<\/section>\n\t\t\t\t<\/div>","protected":false},"excerpt":{"rendered":"<p>O segundo andar \u00e9 compartilhado por tr\u00eas laborat\u00f3rios de pesquisa: &#8211; Laborat\u00f3rio de Cardiologia Celular e Molecular. Professores pesquisadores: Antonio Carlos Campos de Carvalho, Adriana Carvalho, Tais Brunswick e Regina Goldenberg. &#8211; Laborat\u00f3rio de Eletrofisiologia Card\u00edaca Antonio Paes de Carvalho. Professores pesquisadores: Jos\u00e9 Hamilton Nascimento, Leonardo Maciel e Fernando Seara. &#8211; Laborat\u00f3rio de Fisiologia End\u00f3crina. [&hellip;]<\/p>\n","protected":false},"author":2,"featured_media":0,"parent":0,"menu_order":0,"comment_status":"closed","ping_status":"closed","template":"","meta":{"footnotes":""},"class_list":["post-1697","page","type-page","status-publish","hentry"],"yoast_head":"<!-- This site is optimized with the Yoast SEO plugin v27.5 - https:\/\/yoast.com\/product\/yoast-seo-wordpress\/ -->\n<title>SEGUNDO ANDAR - Instituto de Biofisica Carlos Chagas Filho<\/title>\n<meta name=\"robots\" content=\"index, follow, max-snippet:-1, max-image-preview:large, max-video-preview:-1\" \/>\n<link rel=\"canonical\" href=\"https:\/\/biof.ufrj.br\/en\/segundo-andar\/\" \/>\n<meta property=\"og:locale\" content=\"en_US\" \/>\n<meta property=\"og:type\" content=\"article\" \/>\n<meta property=\"og:title\" content=\"SEGUNDO ANDAR - Instituto de Biofisica Carlos Chagas Filho\" \/>\n<meta property=\"og:description\" content=\"O segundo andar \u00e9 compartilhado por tr\u00eas laborat\u00f3rios de pesquisa: &#8211; Laborat\u00f3rio de Cardiologia Celular e Molecular. Professores pesquisadores: Antonio Carlos Campos de Carvalho, Adriana Carvalho, Tais Brunswick e Regina Goldenberg. &#8211; Laborat\u00f3rio de Eletrofisiologia Card\u00edaca Antonio Paes de Carvalho. Professores pesquisadores: Jos\u00e9 Hamilton Nascimento, Leonardo Maciel e Fernando Seara. &#8211; Laborat\u00f3rio de Fisiologia End\u00f3crina. [&hellip;]\" \/>\n<meta property=\"og:url\" content=\"https:\/\/biof.ufrj.br\/en\/segundo-andar\/\" \/>\n<meta property=\"og:site_name\" content=\"Instituto de Biofisica Carlos Chagas Filho\" \/>\n<meta property=\"article:modified_time\" content=\"2025-09-12T14:23:01+00:00\" \/>\n<meta name=\"twitter:card\" content=\"summary_large_image\" \/>\n<meta name=\"twitter:label1\" content=\"Est. reading time\" \/>\n\t<meta name=\"twitter:data1\" content=\"1 minute\" \/>\n<script type=\"application\/ld+json\" class=\"yoast-schema-graph\">{\"@context\":\"https:\\\/\\\/schema.org\",\"@graph\":[{\"@type\":\"WebPage\",\"@id\":\"https:\\\/\\\/biof.ufrj.br\\\/segundo-andar\\\/\",\"url\":\"https:\\\/\\\/biof.ufrj.br\\\/segundo-andar\\\/\",\"name\":\"SEGUNDO ANDAR - Instituto de Biofisica Carlos Chagas Filho\",\"isPartOf\":{\"@id\":\"https:\\\/\\\/biof.ufrj.br\\\/#website\"},\"datePublished\":\"2023-07-05T16:01:01+00:00\",\"dateModified\":\"2025-09-12T14:23:01+00:00\",\"breadcrumb\":{\"@id\":\"https:\\\/\\\/biof.ufrj.br\\\/segundo-andar\\\/#breadcrumb\"},\"inLanguage\":\"en-US\",\"potentialAction\":[{\"@type\":\"ReadAction\",\"target\":[\"https:\\\/\\\/biof.ufrj.br\\\/segundo-andar\\\/\"]}]},{\"@type\":\"BreadcrumbList\",\"@id\":\"https:\\\/\\\/biof.ufrj.br\\\/segundo-andar\\\/#breadcrumb\",\"itemListElement\":[{\"@type\":\"ListItem\",\"position\":1,\"name\":\"In\u00edcio\",\"item\":\"https:\\\/\\\/biof.ufrj.br\\\/\"},{\"@type\":\"ListItem\",\"position\":2,\"name\":\"SEGUNDO ANDAR\"}]},{\"@type\":\"WebSite\",\"@id\":\"https:\\\/\\\/biof.ufrj.br\\\/#website\",\"url\":\"https:\\\/\\\/biof.ufrj.br\\\/\",\"name\":\"Instituto de Biofisica Carlos Chagas Filho\",\"description\":\"Instituto de Biof\u00edsica Carlos Chagas Filho\",\"publisher\":{\"@id\":\"https:\\\/\\\/biof.ufrj.br\\\/#organization\"},\"potentialAction\":[{\"@type\":\"SearchAction\",\"target\":{\"@type\":\"EntryPoint\",\"urlTemplate\":\"https:\\\/\\\/biof.ufrj.br\\\/?s={search_term_string}\"},\"query-input\":{\"@type\":\"PropertyValueSpecification\",\"valueRequired\":true,\"valueName\":\"search_term_string\"}}],\"inLanguage\":\"en-US\"},{\"@type\":\"Organization\",\"@id\":\"https:\\\/\\\/biof.ufrj.br\\\/#organization\",\"name\":\"Instituto de Biofisica Carlos Chagas Filho\",\"url\":\"https:\\\/\\\/biof.ufrj.br\\\/\",\"logo\":{\"@type\":\"ImageObject\",\"inLanguage\":\"en-US\",\"@id\":\"https:\\\/\\\/biof.ufrj.br\\\/#\\\/schema\\\/logo\\\/image\\\/\",\"url\":\"https:\\\/\\\/biof.ufrj.br\\\/wp-content\\\/uploads\\\/2020\\\/09\\\/cropped-logo-IBCCF-comnome.png\",\"contentUrl\":\"https:\\\/\\\/biof.ufrj.br\\\/wp-content\\\/uploads\\\/2020\\\/09\\\/cropped-logo-IBCCF-comnome.png\",\"width\":626,\"height\":195,\"caption\":\"Instituto de Biofisica Carlos Chagas Filho\"},\"image\":{\"@id\":\"https:\\\/\\\/biof.ufrj.br\\\/#\\\/schema\\\/logo\\\/image\\\/\"}}]}<\/script>\n<!-- \/ Yoast SEO plugin. -->","yoast_head_json":{"title":"SEGUNDO ANDAR - Instituto de Biofisica Carlos Chagas Filho","robots":{"index":"index","follow":"follow","max-snippet":"max-snippet:-1","max-image-preview":"max-image-preview:large","max-video-preview":"max-video-preview:-1"},"canonical":"https:\/\/biof.ufrj.br\/en\/segundo-andar\/","og_locale":"en_US","og_type":"article","og_title":"SEGUNDO ANDAR - Instituto de Biofisica Carlos Chagas Filho","og_description":"O segundo andar \u00e9 compartilhado por tr\u00eas laborat\u00f3rios de pesquisa: &#8211; Laborat\u00f3rio de Cardiologia Celular e Molecular. Professores pesquisadores: Antonio Carlos Campos de Carvalho, Adriana Carvalho, Tais Brunswick e Regina Goldenberg. &#8211; Laborat\u00f3rio de Eletrofisiologia Card\u00edaca Antonio Paes de Carvalho. Professores pesquisadores: Jos\u00e9 Hamilton Nascimento, Leonardo Maciel e Fernando Seara. &#8211; Laborat\u00f3rio de Fisiologia End\u00f3crina. [&hellip;]","og_url":"https:\/\/biof.ufrj.br\/en\/segundo-andar\/","og_site_name":"Instituto de Biofisica Carlos Chagas Filho","article_modified_time":"2025-09-12T14:23:01+00:00","twitter_card":"summary_large_image","twitter_misc":{"Est. reading time":"1 minute"},"schema":{"@context":"https:\/\/schema.org","@graph":[{"@type":"WebPage","@id":"https:\/\/biof.ufrj.br\/segundo-andar\/","url":"https:\/\/biof.ufrj.br\/segundo-andar\/","name":"SEGUNDO ANDAR - Instituto de Biofisica Carlos Chagas Filho","isPartOf":{"@id":"https:\/\/biof.ufrj.br\/#website"},"datePublished":"2023-07-05T16:01:01+00:00","dateModified":"2025-09-12T14:23:01+00:00","breadcrumb":{"@id":"https:\/\/biof.ufrj.br\/segundo-andar\/#breadcrumb"},"inLanguage":"en-US","potentialAction":[{"@type":"ReadAction","target":["https:\/\/biof.ufrj.br\/segundo-andar\/"]}]},{"@type":"BreadcrumbList","@id":"https:\/\/biof.ufrj.br\/segundo-andar\/#breadcrumb","itemListElement":[{"@type":"ListItem","position":1,"name":"In\u00edcio","item":"https:\/\/biof.ufrj.br\/"},{"@type":"ListItem","position":2,"name":"SEGUNDO ANDAR"}]},{"@type":"WebSite","@id":"https:\/\/biof.ufrj.br\/#website","url":"https:\/\/biof.ufrj.br\/","name":"Instituto de Biofisica Carlos Chagas Filho","description":"Carlos Chagas Filho Biophysics Institute","publisher":{"@id":"https:\/\/biof.ufrj.br\/#organization"},"potentialAction":[{"@type":"SearchAction","target":{"@type":"EntryPoint","urlTemplate":"https:\/\/biof.ufrj.br\/?s={search_term_string}"},"query-input":{"@type":"PropertyValueSpecification","valueRequired":true,"valueName":"search_term_string"}}],"inLanguage":"en-US"},{"@type":"Organization","@id":"https:\/\/biof.ufrj.br\/#organization","name":"Instituto de Biofisica Carlos Chagas Filho","url":"https:\/\/biof.ufrj.br\/","logo":{"@type":"ImageObject","inLanguage":"en-US","@id":"https:\/\/biof.ufrj.br\/#\/schema\/logo\/image\/","url":"https:\/\/biof.ufrj.br\/wp-content\/uploads\/2020\/09\/cropped-logo-IBCCF-comnome.png","contentUrl":"https:\/\/biof.ufrj.br\/wp-content\/uploads\/2020\/09\/cropped-logo-IBCCF-comnome.png","width":626,"height":195,"caption":"Instituto de Biofisica Carlos Chagas Filho"},"image":{"@id":"https:\/\/biof.ufrj.br\/#\/schema\/logo\/image\/"}}]}},"_links":{"self":[{"href":"https:\/\/biof.ufrj.br\/en\/wp-json\/wp\/v2\/pages\/1697","targetHints":{"allow":["GET"]}}],"collection":[{"href":"https:\/\/biof.ufrj.br\/en\/wp-json\/wp\/v2\/pages"}],"about":[{"href":"https:\/\/biof.ufrj.br\/en\/wp-json\/wp\/v2\/types\/page"}],"author":[{"embeddable":true,"href":"https:\/\/biof.ufrj.br\/en\/wp-json\/wp\/v2\/users\/2"}],"replies":[{"embeddable":true,"href":"https:\/\/biof.ufrj.br\/en\/wp-json\/wp\/v2\/comments?post=1697"}],"version-history":[{"count":13,"href":"https:\/\/biof.ufrj.br\/en\/wp-json\/wp\/v2\/pages\/1697\/revisions"}],"predecessor-version":[{"id":2146,"href":"https:\/\/biof.ufrj.br\/en\/wp-json\/wp\/v2\/pages\/1697\/revisions\/2146"}],"wp:attachment":[{"href":"https:\/\/biof.ufrj.br\/en\/wp-json\/wp\/v2\/media?parent=1697"}],"curies":[{"name":"wp","href":"https:\/\/api.w.org\/{rel}","templated":true}]}}