{"id":25,"date":"2020-08-22T19:41:48","date_gmt":"2020-08-22T22:41:48","guid":{"rendered":"http:\/\/localhost\/wp-ibccf\/?page_id=25"},"modified":"2022-04-13T18:13:02","modified_gmt":"2022-04-13T21:13:02","slug":"tecnicos-administrativos","status":"publish","type":"page","link":"https:\/\/biof.ufrj.br\/en\/ibccf\/tecnicos-administrativos\/","title":{"rendered":"Administrative Personnel"},"content":{"rendered":"<div data-elementor-type=\"wp-page\" data-elementor-id=\"25\" class=\"elementor elementor-25\" data-elementor-post-type=\"page\">\n\t\t\t\t\t\t<section data-particle_enable=\"false\" data-particle-mobile-disabled=\"false\" class=\"elementor-section elementor-top-section elementor-element elementor-element-db390ed elementor-section-boxed elementor-section-height-default elementor-section-height-default\" data-id=\"db390ed\" data-element_type=\"section\" data-e-type=\"section\">\n\t\t\t\t\t\t<div class=\"elementor-container elementor-column-gap-default\">\n\t\t\t\t\t<div class=\"elementor-column elementor-col-100 elementor-top-column elementor-element elementor-element-65bcc51\" data-id=\"65bcc51\" data-element_type=\"column\" data-e-type=\"column\">\n\t\t\t<div class=\"elementor-widget-wrap elementor-element-populated\">\n\t\t\t\t\t\t<div class=\"elementor-element elementor-element-83690e5 elementor-widget elementor-widget-text-editor\" data-id=\"83690e5\" data-element_type=\"widget\" data-e-type=\"widget\" data-widget_type=\"text-editor.default\">\n\t\t\t\t<div class=\"elementor-widget-container\">\n\t\t\t\t\t\t\t\t\t<h4><strong><span style=\"color: #012c6c;\">List of Administrative Personnel of the IBCCF<\/span><\/strong><\/h4>\t\t\t\t\t\t\t\t<\/div>\n\t\t\t\t<\/div>\n\t\t\t\t<div class=\"elementor-element elementor-element-439f7bf elementor-widget elementor-widget-text-editor\" data-id=\"439f7bf\" data-element_type=\"widget\" data-e-type=\"widget\" data-widget_type=\"text-editor.default\">\n\t\t\t\t<div class=\"elementor-widget-container\">\n\t\t\t\t\t\t\t\t\t<p><span style=\"color: #000000;\">Adan Santos Lino \u2013 Laboratory technician\/Area<\/span><\/p>\n<p><span style=\"color: #000000;\">Adao Fabio dos Santos Detoni \u2013 Bricklayer<\/span><\/p>\n<p><span style=\"color: #000000;\">Adilis de Andrade Clemente da Silva \u2013 Administrator<\/span><\/p>\n<p><span style=\"color: #000000;\">Alex Mesquita Fernandes \u2013 Mechanical technician<\/span><\/p>\n<p><span style=\"color: #000000;\">Aline Sol da Silva Valle \u2013 Laboratory technician\/Area<\/span><\/p>\n<p><span style=\"color: #000000;\">Ana Cristina dos Santos Dore Carneiro \u2013 Secretariat Technician<\/span><\/p>\n<p><span style=\"color: #000000;\">Andre Benedito da Silva \u2013 Laboratory technician\/Area<\/span><\/p>\n<p><span style=\"color: #000000;\">Antonio Carlos Ezequiel de Lima \u2013 Administration Assistant<\/span><\/p>\n<p><span style=\"color: #000000;\">Arimair Rider de Oliveira Souza \u2013 Mechanic<\/span><\/p>\n<p><span style=\"color: #000000;\">Aurinaldo do Nascimento \u2013 Joinery Assistant<\/span><\/p>\n<p><span style=\"color: #000000;\">Aurisete Nunes Bizerra \u2013 Laboratory technician\/Area<\/span><\/p>\n<p><span style=\"color: #000000;\">Bruno Oliveira Piva \u2013 Administration Assistant<\/span><\/p>\n<p><span style=\"color: #000000;\">Camila Faria de Amorim Pereira \u2013 Laboratory technician\/Area<\/span><\/p>\n<p><span style=\"color: #000000;\">Camilla Bayer \u2013 Laboratory technician\/Area<\/span><\/p>\n<p><a href=\"http:\/\/lattes.cnpq.br\/1437906021799282\" target=\"_blank\" style=\"font-family: var( --e-global-typography-text-font-family ), Sans-serif; font-weight: var( --e-global-typography-text-font-weight ); background-color: rgb(255, 255, 255); font-size: 1rem;\">Carolina Lage Goulart<\/a><span style=\"color: #000000;\">&nbsp;&#8211; Biom\u00e9dica<\/span><\/p>\n<p><span style=\"color: #000000;\">Celso Pereira \u2013 Laboratory technician\/Area<\/span><\/p>\n<p><span style=\"color: #000000;\">Charles Freitas de Oliveira \u2013 Laboratory technician\/Area<\/span><\/p>\n<p><span style=\"color: #000000;\">Claudio Nunes Pereira \u2013 Laboratory technician\/Area<\/span><\/p>\n<p><span style=\"color: #000000;\">Cleusa Schafhauser \u2013 Biologist<\/span><\/p>\n<p><span style=\"color: #000000;\">Daianne Neves Mandarino Torres \u2013 Laboratory technician\/Area<\/span><\/p>\n<p><span style=\"color: #000000;\">Diego Vinicius da Silva Ribeiro \u2013 Laboratory technician\/Area<\/span><\/p>\n<p><span style=\"color: #000000;\">Dilza Balteiro Pereira de Campos \u2013 Biologist<\/span><\/p>\n<p><span style=\"color: #000000;\">Dionisio Ferreira de Souza \u2013 Electrician<\/span><\/p>\n<p><span style=\"color: #000000;\">Edil Saturato da Silva Filho \u2013 Laboratory technician\/Area<\/span><\/p>\n<p><span style=\"color: #000000;\">Edna Ferreira da Silva Souza&nbsp; &#8211; Assistente em Administra\u00e7\u00e3o<\/span><\/p>\n<p><span style=\"color: #000000;\">Edna Maria Lopes da Silva \u2013 Laboratory technician\/Area<\/span><\/p>\n<p><span style=\"color: #000000;\">Eduardo de Freitas Camacho&nbsp; &#8211; T\u00e9cnico de Laborat\u00f3rio\/\u00c1rea<\/span><\/p>\n<p><span style=\"color: #000000;\">Eduardo de Souza Matos \u2013 technologist<\/span><\/p>\n<p><span style=\"color: #000000;\">Eduardo Freitas Nobre da Silva \u2013 Technician in Educational Affairs<\/span><\/p>\n<p><span style=\"color: #000000;\">Elisangela da Costa Lucena \u2013 Executive Secretary<\/span><\/p>\n<p><a href=\"http:\/\/lattes.cnpq.br\/2576327993798908\" target=\"_blank\" style=\"font-family: var( --e-global-typography-text-font-family ), Sans-serif; font-weight: var( --e-global-typography-text-font-weight ); background-color: rgb(255, 255, 255); font-size: 1rem;\">Felipe Carvalho Gondim<\/a><span style=\"color: #000000;\">&nbsp;&#8211; T\u00e9cnico de Laborat\u00f3rio\/\u00c1rea<\/span><\/p>\n<p><span style=\"color: #000000;\">Felipe de Melo Marins \u2013 Laboratory technician\/Area<\/span><\/p>\n<p><span style=\"color: #000000;\">Francisco Thomaz Junior \u2013 Administration Assistant<\/span><\/p>\n<p><span style=\"color: #000000;\">Frederico do Nascimento Paulo \u2013 Administration Assistant<\/span><\/p>\n<p><span style=\"color: #000000;\">Gabriela Sevilha Gon\u00e7alves de Menezes \u2013 Administration Assistant<\/span><\/p>\n<p><span style=\"color: #000000;\">Isadora de Ara\u00fajo Oliveira \u2013 technologist<\/span><\/p>\n<p><span style=\"color: #000000;\">Janaina Oliveira Caetano \u2013 Administration Assistant<\/span><\/p>\n<p><span style=\"color: #000000;\">Janine Simas Cardoso Rurr \u2013 Biologist<\/span><\/p>\n<p><span style=\"color: #000000;\">Joana D Arc da Silva Trindade \u2013 Laboratory technician\/Area<\/span><\/p>\n<p><span style=\"color: #000000;\">Joao Florindo de Andrade Junior \u2013 Refrigeration Technician<\/span><\/p>\n<p><span style=\"color: #000000;\">Jose Avelino \u2013 Laboratory technician\/Area<\/span><\/p>\n<p><span style=\"color: #000000;\">Jose Francisco Tiburcio \u2013 Laboratory technician\/Area<\/span><\/p>\n<p><span style=\"color: #000000;\">Jose Humberto Tavares de Abreu \u2013 Laboratory technician\/Area<\/span><\/p>\n<p><span style=\"color: #000000;\">Jose Magalhaes de Oliveira \u2013 Engineer<\/span><\/p>\n<p><span style=\"color: #000000;\">Jose Nilson dos Santos \u2013 Laboratory technician\/Area<\/span><\/p>\n<p><span style=\"color: #000000;\">Juliana Pena Goncalves \u2013 Biomedical<\/span><\/p>\n<p><span style=\"color: #000000;\">Julio Cesar Ribeiro da Silva \u2013 plumber<\/span><\/p>\n<p><span style=\"color: #000000;\">Leonardo da Silva Vidal \u2013 Laboratory technician\/Area<\/span><\/p>\n<p><span style=\"color: #000000;\">Levi Ribeiro de Amorim \u2013 Chemistry Technician<\/span><\/p>\n<p><span style=\"color: #000000;\">Liliane Pontes Motta \u2013 Laboratory Assistant<\/span><\/p>\n<p><span style=\"color: #000000;\">Lindomar Miranda da Silva \u2013 Laboratory technician\/Area<\/span><\/p>\n<p><span style=\"color: #000000;\">Livia Carvalho Barbosa \u2013 technologist<\/span><\/p>\n<p><span style=\"color: #000000;\">Lucas Olive Pinho Silva Gomes \u2013 Chemistry Technician<\/span><\/p>\n<p><span style=\"color: #000000;\">Luciano Cavalcante Ferreira&nbsp;&nbsp; &#8211; Assistente de Laborat\u00f3rio<\/span><\/p>\n<p><span style=\"color: #000000;\">Luiz Salvador Bernardino \u2013 Administration Assistant<\/span><\/p>\n<p><span style=\"color: #000000;\">Maria Claudia Pires Fernandes \u2013 Administration Assistant<\/span><\/p>\n<p><span style=\"color: #000000;\">Maria Ivanete Marins \u2013 Laboratory technician\/Area<\/span><\/p>\n<p><span style=\"color: #000000;\">Martha Bahia Palmeira \u2013 Technician in Educational Affairs<\/span><\/p>\n<p><span style=\"color: #000000;\">Nilson Nunes Tavares \u2013 Chemistry Technician<\/span><\/p>\n<p><span style=\"color: #000000;\">Norma Lima de Araujo Faria \u2013 Laboratory Assistant<\/span><\/p>\n<p><a href=\"http:\/\/lattes.cnpq.br\/3925134679623329\" target=\"_blank\" style=\"font-family: var( --e-global-typography-text-font-family ), Sans-serif; font-weight: var( --e-global-typography-text-font-weight ); background-color: rgb(255, 255, 255); font-size: 1rem;\">Patr\u00edcia Danza Greco<\/a><span style=\"color: #000000;\">&nbsp;&#8211; Muse\u00f3loga<\/span><\/p>\n<p><span style=\"color: #000000;\">Paulo Cesar Cordeiro da Silva \u2013 Laboratory Assistant<\/span><\/p>\n<p><span style=\"color: #000000;\">Paulo Cesar Coutinho \u2013 Laboratory technician\/Area<\/span><\/p>\n<p><a href=\"http:\/\/lattes.cnpq.br\/4656573577043899\" target=\"_blank\" style=\"font-family: var( --e-global-typography-text-font-family ), Sans-serif; font-weight: var( --e-global-typography-text-font-weight ); background-color: rgb(255, 255, 255); font-size: 1rem;\">Polyana Silva Pereira<\/a><span style=\"color: #000000;\">&nbsp;&#8211; Biom\u00e9dica<\/span><\/p>\n<p><span style=\"color: #000000;\">Rafael Carvalho Torres \u2013 Biomedical<\/span><\/p>\n<p><span style=\"color: #000000;\">Rafael Correia Teixeira \u2013 Administration Assistant<\/span><\/p>\n<p><span style=\"color: #000000;\">Renato da Silva Ferreira \u2013 Laboratory Assistant<\/span><\/p>\n<p><span style=\"color: #000000;\">Ricardo Manoel Da Silva \u2013 Administration Assistant<\/span><\/p>\n<p><span style=\"color: #000000;\">Rita de Cassia de Albuquerque \u2013 Laboratory Assistant<\/span><\/p>\n<p><span style=\"color: #000000;\">Rosilane Taveira da Silva \u2013 Laboratory Assistant<\/span><\/p>\n<p><span style=\"color: #000000;\">Sandra Maria de Brito Oliveira \u2013 Executive Secretary<\/span><\/p>\n<p><span style=\"color: #000000;\">Sergio Luiz de Carvalho \u2013 Laboratory technician\/Area<\/span><\/p>\n<p><span style=\"color: #000000;\">Sergio Nogueira Guimaraes \u2013 Mechanical Technician<\/span><\/p>\n<p><span style=\"color: #000000;\">Shanserley Leite do Espirito Santo \u2013 Administration Assistant<\/span><\/p>\n<p><span style=\"color: #000000;\">Solange Correa Soares \u2013 Accounting Technician<\/span><\/p>\n<p><span style=\"color: #000000;\">Victor Cypriano Correa \u2013 Administration Assistant<\/span><\/p>\n<p><span style=\"color: #000000;\">Vilma Frazao de Melo \u2013 Secretariat Technician<\/span><\/p>\n<p><span style=\"color: #000000;\">Vinicius Vieira de Lima \u2013 Biologist<\/span><\/p>\n<p><span style=\"color: #000000;\">Waldir Dias de Oliveira \u2013 Electrician<\/span><\/p>\t\t\t\t\t\t\t\t<\/div>\n\t\t\t\t<\/div>\n\t\t\t\t\t<\/div>\n\t\t<\/div>\n\t\t\t\t\t<\/div>\n\t\t<\/section>\n\t\t\t\t<\/div>","protected":false},"excerpt":{"rendered":"<p>Lista de T\u00e9cnicos Administrativos do IBCCF Adan Santos Lino &#8211; T\u00e9cnico de Laborat\u00f3rio\/\u00c1rea Adao Fabio dos Santos Detoni &#8211; Pedreiro Adilis de Andrade Clemente da Silva &#8211; Administrador Alex Mesquita Fernandes &#8211; T\u00e9cnico em Mec\u00e2nica Aline Sol da Silva Valle &#8211; T\u00e9cnico de Laborat\u00f3rio\/\u00c1rea Ana Cristina dos Santos Dore Carneiro &#8211; T\u00e9cnico em Secretariado Andre [&hellip;]<\/p>\n","protected":false},"author":1,"featured_media":0,"parent":76,"menu_order":0,"comment_status":"closed","ping_status":"closed","template":"","meta":{"footnotes":""},"class_list":["post-25","page","type-page","status-publish","hentry"],"yoast_head":"<!-- This site is optimized with the Yoast SEO plugin v27.4 - https:\/\/yoast.com\/product\/yoast-seo-wordpress\/ -->\n<title>T\u00e9cnicos Administrativos - Instituto de Biofisica Carlos Chagas Filho<\/title>\n<meta name=\"robots\" content=\"index, follow, max-snippet:-1, max-image-preview:large, max-video-preview:-1\" \/>\n<link rel=\"canonical\" href=\"https:\/\/biof.ufrj.br\/en\/ibccf\/tecnicos-administrativos\/\" \/>\n<meta property=\"og:locale\" content=\"en_US\" \/>\n<meta property=\"og:type\" content=\"article\" \/>\n<meta property=\"og:title\" content=\"T\u00e9cnicos Administrativos - Instituto de Biofisica Carlos Chagas Filho\" \/>\n<meta property=\"og:description\" content=\"Lista de T\u00e9cnicos Administrativos do IBCCF Adan Santos Lino &#8211; T\u00e9cnico de Laborat\u00f3rio\/\u00c1rea Adao Fabio dos Santos Detoni &#8211; Pedreiro Adilis de Andrade Clemente da Silva &#8211; Administrador Alex Mesquita Fernandes &#8211; T\u00e9cnico em Mec\u00e2nica Aline Sol da Silva Valle &#8211; T\u00e9cnico de Laborat\u00f3rio\/\u00c1rea Ana Cristina dos Santos Dore Carneiro &#8211; T\u00e9cnico em Secretariado Andre [&hellip;]\" \/>\n<meta property=\"og:url\" content=\"https:\/\/biof.ufrj.br\/en\/ibccf\/tecnicos-administrativos\/\" \/>\n<meta property=\"og:site_name\" content=\"Instituto de Biofisica Carlos Chagas Filho\" \/>\n<meta property=\"article:modified_time\" content=\"2022-04-13T21:13:02+00:00\" \/>\n<meta name=\"twitter:card\" content=\"summary_large_image\" \/>\n<meta name=\"twitter:label1\" content=\"Est. reading time\" \/>\n\t<meta name=\"twitter:data1\" content=\"3 minutes\" \/>\n<script type=\"application\/ld+json\" class=\"yoast-schema-graph\">{\"@context\":\"https:\\\/\\\/schema.org\",\"@graph\":[{\"@type\":\"WebPage\",\"@id\":\"https:\\\/\\\/biof.ufrj.br\\\/ibccf\\\/tecnicos-administrativos\\\/\",\"url\":\"https:\\\/\\\/biof.ufrj.br\\\/ibccf\\\/tecnicos-administrativos\\\/\",\"name\":\"T\u00e9cnicos Administrativos - Instituto de Biofisica Carlos Chagas Filho\",\"isPartOf\":{\"@id\":\"https:\\\/\\\/biof.ufrj.br\\\/#website\"},\"datePublished\":\"2020-08-22T22:41:48+00:00\",\"dateModified\":\"2022-04-13T21:13:02+00:00\",\"breadcrumb\":{\"@id\":\"https:\\\/\\\/biof.ufrj.br\\\/ibccf\\\/tecnicos-administrativos\\\/#breadcrumb\"},\"inLanguage\":\"en-US\",\"potentialAction\":[{\"@type\":\"ReadAction\",\"target\":[\"https:\\\/\\\/biof.ufrj.br\\\/ibccf\\\/tecnicos-administrativos\\\/\"]}]},{\"@type\":\"BreadcrumbList\",\"@id\":\"https:\\\/\\\/biof.ufrj.br\\\/ibccf\\\/tecnicos-administrativos\\\/#breadcrumb\",\"itemListElement\":[{\"@type\":\"ListItem\",\"position\":1,\"name\":\"In\u00edcio\",\"item\":\"https:\\\/\\\/biof.ufrj.br\\\/\"},{\"@type\":\"ListItem\",\"position\":2,\"name\":\"IBCCF\",\"item\":\"https:\\\/\\\/biof.ufrj.br\\\/\"},{\"@type\":\"ListItem\",\"position\":3,\"name\":\"T\u00e9cnicos Administrativos\"}]},{\"@type\":\"WebSite\",\"@id\":\"https:\\\/\\\/biof.ufrj.br\\\/#website\",\"url\":\"https:\\\/\\\/biof.ufrj.br\\\/\",\"name\":\"Instituto de Biofisica Carlos Chagas Filho\",\"description\":\"Instituto de Biof\u00edsica Carlos Chagas Filho\",\"publisher\":{\"@id\":\"https:\\\/\\\/biof.ufrj.br\\\/#organization\"},\"potentialAction\":[{\"@type\":\"SearchAction\",\"target\":{\"@type\":\"EntryPoint\",\"urlTemplate\":\"https:\\\/\\\/biof.ufrj.br\\\/?s={search_term_string}\"},\"query-input\":{\"@type\":\"PropertyValueSpecification\",\"valueRequired\":true,\"valueName\":\"search_term_string\"}}],\"inLanguage\":\"en-US\"},{\"@type\":\"Organization\",\"@id\":\"https:\\\/\\\/biof.ufrj.br\\\/#organization\",\"name\":\"Instituto de Biofisica Carlos Chagas Filho\",\"url\":\"https:\\\/\\\/biof.ufrj.br\\\/\",\"logo\":{\"@type\":\"ImageObject\",\"inLanguage\":\"en-US\",\"@id\":\"https:\\\/\\\/biof.ufrj.br\\\/#\\\/schema\\\/logo\\\/image\\\/\",\"url\":\"https:\\\/\\\/biof.ufrj.br\\\/wp-content\\\/uploads\\\/2020\\\/09\\\/cropped-logo-IBCCF-comnome.png\",\"contentUrl\":\"https:\\\/\\\/biof.ufrj.br\\\/wp-content\\\/uploads\\\/2020\\\/09\\\/cropped-logo-IBCCF-comnome.png\",\"width\":626,\"height\":195,\"caption\":\"Instituto de Biofisica Carlos Chagas Filho\"},\"image\":{\"@id\":\"https:\\\/\\\/biof.ufrj.br\\\/#\\\/schema\\\/logo\\\/image\\\/\"}}]}<\/script>\n<!-- \/ Yoast SEO plugin. -->","yoast_head_json":{"title":"T\u00e9cnicos Administrativos - Instituto de Biofisica Carlos Chagas Filho","robots":{"index":"index","follow":"follow","max-snippet":"max-snippet:-1","max-image-preview":"max-image-preview:large","max-video-preview":"max-video-preview:-1"},"canonical":"https:\/\/biof.ufrj.br\/en\/ibccf\/tecnicos-administrativos\/","og_locale":"en_US","og_type":"article","og_title":"T\u00e9cnicos Administrativos - Instituto de Biofisica Carlos Chagas Filho","og_description":"Lista de T\u00e9cnicos Administrativos do IBCCF Adan Santos Lino &#8211; T\u00e9cnico de Laborat\u00f3rio\/\u00c1rea Adao Fabio dos Santos Detoni &#8211; Pedreiro Adilis de Andrade Clemente da Silva &#8211; Administrador Alex Mesquita Fernandes &#8211; T\u00e9cnico em Mec\u00e2nica Aline Sol da Silva Valle &#8211; T\u00e9cnico de Laborat\u00f3rio\/\u00c1rea Ana Cristina dos Santos Dore Carneiro &#8211; T\u00e9cnico em Secretariado Andre [&hellip;]","og_url":"https:\/\/biof.ufrj.br\/en\/ibccf\/tecnicos-administrativos\/","og_site_name":"Instituto de Biofisica Carlos Chagas Filho","article_modified_time":"2022-04-13T21:13:02+00:00","twitter_card":"summary_large_image","twitter_misc":{"Est. reading time":"3 minutes"},"schema":{"@context":"https:\/\/schema.org","@graph":[{"@type":"WebPage","@id":"https:\/\/biof.ufrj.br\/ibccf\/tecnicos-administrativos\/","url":"https:\/\/biof.ufrj.br\/ibccf\/tecnicos-administrativos\/","name":"T\u00e9cnicos Administrativos - Instituto de Biofisica Carlos Chagas Filho","isPartOf":{"@id":"https:\/\/biof.ufrj.br\/#website"},"datePublished":"2020-08-22T22:41:48+00:00","dateModified":"2022-04-13T21:13:02+00:00","breadcrumb":{"@id":"https:\/\/biof.ufrj.br\/ibccf\/tecnicos-administrativos\/#breadcrumb"},"inLanguage":"en-US","potentialAction":[{"@type":"ReadAction","target":["https:\/\/biof.ufrj.br\/ibccf\/tecnicos-administrativos\/"]}]},{"@type":"BreadcrumbList","@id":"https:\/\/biof.ufrj.br\/ibccf\/tecnicos-administrativos\/#breadcrumb","itemListElement":[{"@type":"ListItem","position":1,"name":"In\u00edcio","item":"https:\/\/biof.ufrj.br\/"},{"@type":"ListItem","position":2,"name":"IBCCF","item":"https:\/\/biof.ufrj.br\/"},{"@type":"ListItem","position":3,"name":"T\u00e9cnicos Administrativos"}]},{"@type":"WebSite","@id":"https:\/\/biof.ufrj.br\/#website","url":"https:\/\/biof.ufrj.br\/","name":"Instituto de Biofisica Carlos Chagas Filho","description":"Carlos Chagas Filho Biophysics Institute","publisher":{"@id":"https:\/\/biof.ufrj.br\/#organization"},"potentialAction":[{"@type":"SearchAction","target":{"@type":"EntryPoint","urlTemplate":"https:\/\/biof.ufrj.br\/?s={search_term_string}"},"query-input":{"@type":"PropertyValueSpecification","valueRequired":true,"valueName":"search_term_string"}}],"inLanguage":"en-US"},{"@type":"Organization","@id":"https:\/\/biof.ufrj.br\/#organization","name":"Instituto de Biofisica Carlos Chagas Filho","url":"https:\/\/biof.ufrj.br\/","logo":{"@type":"ImageObject","inLanguage":"en-US","@id":"https:\/\/biof.ufrj.br\/#\/schema\/logo\/image\/","url":"https:\/\/biof.ufrj.br\/wp-content\/uploads\/2020\/09\/cropped-logo-IBCCF-comnome.png","contentUrl":"https:\/\/biof.ufrj.br\/wp-content\/uploads\/2020\/09\/cropped-logo-IBCCF-comnome.png","width":626,"height":195,"caption":"Instituto de Biofisica Carlos Chagas Filho"},"image":{"@id":"https:\/\/biof.ufrj.br\/#\/schema\/logo\/image\/"}}]}},"_links":{"self":[{"href":"https:\/\/biof.ufrj.br\/en\/wp-json\/wp\/v2\/pages\/25","targetHints":{"allow":["GET"]}}],"collection":[{"href":"https:\/\/biof.ufrj.br\/en\/wp-json\/wp\/v2\/pages"}],"about":[{"href":"https:\/\/biof.ufrj.br\/en\/wp-json\/wp\/v2\/types\/page"}],"author":[{"embeddable":true,"href":"https:\/\/biof.ufrj.br\/en\/wp-json\/wp\/v2\/users\/1"}],"replies":[{"embeddable":true,"href":"https:\/\/biof.ufrj.br\/en\/wp-json\/wp\/v2\/comments?post=25"}],"version-history":[{"count":26,"href":"https:\/\/biof.ufrj.br\/en\/wp-json\/wp\/v2\/pages\/25\/revisions"}],"predecessor-version":[{"id":1568,"href":"https:\/\/biof.ufrj.br\/en\/wp-json\/wp\/v2\/pages\/25\/revisions\/1568"}],"up":[{"embeddable":true,"href":"https:\/\/biof.ufrj.br\/en\/wp-json\/wp\/v2\/pages\/76"}],"wp:attachment":[{"href":"https:\/\/biof.ufrj.br\/en\/wp-json\/wp\/v2\/media?parent=25"}],"curies":[{"name":"wp","href":"https:\/\/api.w.org\/{rel}","templated":true}]}}