{"id":1701,"date":"2023-07-05T13:01:49","date_gmt":"2023-07-05T16:01:49","guid":{"rendered":"https:\/\/biof.ufrj.br\/?page_id=1701"},"modified":"2023-07-05T14:00:28","modified_gmt":"2023-07-05T17:00:28","slug":"quarto-andar","status":"publish","type":"page","link":"https:\/\/biof.ufrj.br\/es\/quarto-andar\/","title":{"rendered":"QUARTO ANDAR"},"content":{"rendered":"<div data-elementor-type=\"wp-page\" data-elementor-id=\"1701\" class=\"elementor elementor-1701\" data-elementor-post-type=\"page\">\n\t\t\t\t\t\t<section data-particle_enable=\"false\" data-particle-mobile-disabled=\"false\" class=\"elementor-section elementor-top-section elementor-element elementor-element-723a064 elementor-section-boxed elementor-section-height-default elementor-section-height-default\" data-id=\"723a064\" data-element_type=\"section\" data-e-type=\"section\">\n\t\t\t\t\t\t<div class=\"elementor-container elementor-column-gap-default\">\n\t\t\t\t\t<div class=\"elementor-column elementor-col-100 elementor-top-column elementor-element elementor-element-e538c70\" data-id=\"e538c70\" data-element_type=\"column\" data-e-type=\"column\">\n\t\t\t<div class=\"elementor-widget-wrap elementor-element-populated\">\n\t\t\t\t\t\t<div class=\"elementor-element elementor-element-d031cea elementor-nav-menu--dropdown-tablet elementor-nav-menu__text-align-aside elementor-nav-menu--toggle elementor-nav-menu--burger elementor-widget elementor-widget-nav-menu\" data-id=\"d031cea\" data-element_type=\"widget\" data-e-type=\"widget\" data-settings=\"{&quot;layout&quot;:&quot;horizontal&quot;,&quot;submenu_icon&quot;:{&quot;value&quot;:&quot;&lt;i class=\\&quot;fas fa-caret-down\\&quot; aria-hidden=\\&quot;true\\&quot;&gt;&lt;\\\/i&gt;&quot;,&quot;library&quot;:&quot;fa-solid&quot;},&quot;toggle&quot;:&quot;burger&quot;}\" data-widget_type=\"nav-menu.default\">\n\t\t\t\t<div class=\"elementor-widget-container\">\n\t\t\t\t\t\t\t\t<nav aria-label=\"Men\u00fa\" class=\"elementor-nav-menu--main elementor-nav-menu__container elementor-nav-menu--layout-horizontal e--pointer-underline e--animation-fade\">\n\t\t\t\t<ul id=\"menu-1-d031cea\" class=\"elementor-nav-menu\"><li class=\"menu-item menu-item-type-post_type menu-item-object-page menu-item-1707\"><a href=\"https:\/\/biof.ufrj.br\/es\/espaco-multiusuario-andar-terreo\/\" class=\"elementor-item\">ESPA\u00c7O MULTIUSU\u00c1RIO (ANDAR T\u00c9RREO)<\/a><\/li>\n<li class=\"menu-item menu-item-type-post_type menu-item-object-page menu-item-1706\"><a href=\"https:\/\/biof.ufrj.br\/es\/primeiro-andar\/\" class=\"elementor-item\">PRIMEIRO ANDAR<\/a><\/li>\n<li class=\"menu-item menu-item-type-post_type menu-item-object-page menu-item-1705\"><a href=\"https:\/\/biof.ufrj.br\/es\/segundo-andar\/\" class=\"elementor-item\">SEGUNDO ANDAR<\/a><\/li>\n<li class=\"menu-item menu-item-type-post_type menu-item-object-page menu-item-1704\"><a href=\"https:\/\/biof.ufrj.br\/es\/terceiro-andar\/\" class=\"elementor-item\">TERCEIRO ANDAR<\/a><\/li>\n<li class=\"menu-item menu-item-type-post_type menu-item-object-page menu-item-1703\"><a href=\"https:\/\/biof.ufrj.br\/es\/quarto-andar\/\" class=\"elementor-item\">QUARTO ANDAR<\/a><\/li>\n<\/ul>\t\t\t<\/nav>\n\t\t\t\t\t<div class=\"elementor-menu-toggle\" role=\"button\" tabindex=\"0\" aria-label=\"Alternar men\u00fa\" aria-expanded=\"false\">\n\t\t\t<i aria-hidden=\"true\" role=\"presentation\" class=\"elementor-menu-toggle__icon--open eicon-menu-bar\"><\/i><i aria-hidden=\"true\" role=\"presentation\" class=\"elementor-menu-toggle__icon--close eicon-close\"><\/i>\t\t<\/div>\n\t\t\t\t\t<nav class=\"elementor-nav-menu--dropdown elementor-nav-menu__container\" aria-hidden=\"true\">\n\t\t\t\t<ul id=\"menu-2-d031cea\" class=\"elementor-nav-menu\"><li class=\"menu-item menu-item-type-post_type menu-item-object-page menu-item-1707\"><a href=\"https:\/\/biof.ufrj.br\/es\/espaco-multiusuario-andar-terreo\/\" class=\"elementor-item\" tabindex=\"-1\">ESPA\u00c7O MULTIUSU\u00c1RIO (ANDAR T\u00c9RREO)<\/a><\/li>\n<li class=\"menu-item menu-item-type-post_type menu-item-object-page menu-item-1706\"><a href=\"https:\/\/biof.ufrj.br\/es\/primeiro-andar\/\" class=\"elementor-item\" tabindex=\"-1\">PRIMEIRO ANDAR<\/a><\/li>\n<li class=\"menu-item menu-item-type-post_type menu-item-object-page menu-item-1705\"><a href=\"https:\/\/biof.ufrj.br\/es\/segundo-andar\/\" class=\"elementor-item\" tabindex=\"-1\">SEGUNDO ANDAR<\/a><\/li>\n<li class=\"menu-item menu-item-type-post_type menu-item-object-page menu-item-1704\"><a href=\"https:\/\/biof.ufrj.br\/es\/terceiro-andar\/\" class=\"elementor-item\" tabindex=\"-1\">TERCEIRO ANDAR<\/a><\/li>\n<li class=\"menu-item menu-item-type-post_type menu-item-object-page menu-item-1703\"><a href=\"https:\/\/biof.ufrj.br\/es\/quarto-andar\/\" class=\"elementor-item\" tabindex=\"-1\">QUARTO ANDAR<\/a><\/li>\n<\/ul>\t\t\t<\/nav>\n\t\t\t\t\t\t<\/div>\n\t\t\t\t<\/div>\n\t\t\t\t<div class=\"elementor-element elementor-element-7b7f7a4 elementor-widget elementor-widget-text-editor\" data-id=\"7b7f7a4\" data-element_type=\"widget\" data-e-type=\"widget\" data-widget_type=\"text-editor.default\">\n\t\t\t\t<div class=\"elementor-widget-container\">\n\t\t\t\t\t\t\t\t\t<p><span style=\"color: #000000;\">O quarto andar \u00e9 compartilhado pelos Biot\u00e9rios NB2 e NB3.<\/span><\/p><p><span style=\"color: #000000;\">A Plataforma de Experimenta\u00e7\u00e3o e Manipula\u00e7\u00e3o de Organismos Patog\u00eanicos &#8211; NB3 (PEMOP3) \u00e9 uma unidade multiusu\u00e1ria do IBCCF criada em 2021 que visa apoiar projetos de pesquisa que necessitem de equipamentos e\/ou infraestrutura para experimenta\u00e7\u00e3o e manipula\u00e7\u00e3o de organismos altamente patog\u00eanicos que requerem um ambiente de biosseguran\u00e7a n\u00edvel 3 (NB3). A PEMOP3 conta com 200 m<sup>2<\/sup> de laborat\u00f3rio e biot\u00e9rio modernos que funcionam dentro das melhores pr\u00e1ticas de biosseguran\u00e7a.<\/span><\/p><p><span style=\"color: #000000;\">Contato da Unidade: <\/span><span style=\"color: #000000;\"><a style=\"color: #000000;\" href=\"mailto:pemop3@biof.ufrj.br\">pemop3@biof.ufrj.br<\/a><\/span><\/p><p><span style=\"color: #000000;\">Site: <a href=\"https:\/\/cmdfa.biof.ufrj.br\/plataformas\/pemop3\/\">https:\/\/cmdfa.biof.ufrj.br\/plataformas\/pemop3\/<\/a><\/span><\/p>\t\t\t\t\t\t\t\t<\/div>\n\t\t\t\t<\/div>\n\t\t\t\t\t<\/div>\n\t\t<\/div>\n\t\t\t\t\t<\/div>\n\t\t<\/section>\n\t\t\t\t<\/div>","protected":false},"excerpt":{"rendered":"<p>O quarto andar \u00e9 compartilhado pelos Biot\u00e9rios NB2 e NB3. A Plataforma de Experimenta\u00e7\u00e3o e Manipula\u00e7\u00e3o de Organismos Patog\u00eanicos &#8211; NB3 (PEMOP3) \u00e9 uma unidade multiusu\u00e1ria do IBCCF criada em 2021 que visa apoiar projetos de pesquisa que necessitem de equipamentos e\/ou infraestrutura para experimenta\u00e7\u00e3o e manipula\u00e7\u00e3o de organismos altamente patog\u00eanicos que requerem um ambiente [&hellip;]<\/p>\n","protected":false},"author":2,"featured_media":0,"parent":0,"menu_order":0,"comment_status":"closed","ping_status":"closed","template":"","meta":{"footnotes":""},"class_list":["post-1701","page","type-page","status-publish","hentry"],"yoast_head":"<!-- This site is optimized with the Yoast SEO plugin v27.3 - https:\/\/yoast.com\/product\/yoast-seo-wordpress\/ -->\n<title>QUARTO ANDAR - Instituto de Biofisica Carlos Chagas Filho<\/title>\n<meta name=\"robots\" content=\"index, follow, max-snippet:-1, max-image-preview:large, max-video-preview:-1\" \/>\n<link rel=\"canonical\" href=\"https:\/\/biof.ufrj.br\/es\/quarto-andar\/\" \/>\n<meta property=\"og:locale\" content=\"es_ES\" \/>\n<meta property=\"og:type\" content=\"article\" \/>\n<meta property=\"og:title\" content=\"QUARTO ANDAR - Instituto de Biofisica Carlos Chagas Filho\" \/>\n<meta property=\"og:description\" content=\"O quarto andar \u00e9 compartilhado pelos Biot\u00e9rios NB2 e NB3. A Plataforma de Experimenta\u00e7\u00e3o e Manipula\u00e7\u00e3o de Organismos Patog\u00eanicos &#8211; NB3 (PEMOP3) \u00e9 uma unidade multiusu\u00e1ria do IBCCF criada em 2021 que visa apoiar projetos de pesquisa que necessitem de equipamentos e\/ou infraestrutura para experimenta\u00e7\u00e3o e manipula\u00e7\u00e3o de organismos altamente patog\u00eanicos que requerem um ambiente [&hellip;]\" \/>\n<meta property=\"og:url\" content=\"https:\/\/biof.ufrj.br\/es\/quarto-andar\/\" \/>\n<meta property=\"og:site_name\" content=\"Instituto de Biofisica Carlos Chagas Filho\" \/>\n<meta property=\"article:modified_time\" content=\"2023-07-05T17:00:28+00:00\" \/>\n<meta name=\"twitter:card\" content=\"summary_large_image\" \/>\n<meta name=\"twitter:label1\" content=\"Tiempo de lectura\" \/>\n\t<meta name=\"twitter:data1\" content=\"1 minuto\" \/>\n<script type=\"application\/ld+json\" class=\"yoast-schema-graph\">{\"@context\":\"https:\\\/\\\/schema.org\",\"@graph\":[{\"@type\":\"WebPage\",\"@id\":\"https:\\\/\\\/biof.ufrj.br\\\/quarto-andar\\\/\",\"url\":\"https:\\\/\\\/biof.ufrj.br\\\/quarto-andar\\\/\",\"name\":\"QUARTO ANDAR - Instituto de Biofisica Carlos Chagas Filho\",\"isPartOf\":{\"@id\":\"https:\\\/\\\/biof.ufrj.br\\\/#website\"},\"datePublished\":\"2023-07-05T16:01:49+00:00\",\"dateModified\":\"2023-07-05T17:00:28+00:00\",\"breadcrumb\":{\"@id\":\"https:\\\/\\\/biof.ufrj.br\\\/quarto-andar\\\/#breadcrumb\"},\"inLanguage\":\"es\",\"potentialAction\":[{\"@type\":\"ReadAction\",\"target\":[\"https:\\\/\\\/biof.ufrj.br\\\/quarto-andar\\\/\"]}]},{\"@type\":\"BreadcrumbList\",\"@id\":\"https:\\\/\\\/biof.ufrj.br\\\/quarto-andar\\\/#breadcrumb\",\"itemListElement\":[{\"@type\":\"ListItem\",\"position\":1,\"name\":\"In\u00edcio\",\"item\":\"https:\\\/\\\/biof.ufrj.br\\\/\"},{\"@type\":\"ListItem\",\"position\":2,\"name\":\"QUARTO ANDAR\"}]},{\"@type\":\"WebSite\",\"@id\":\"https:\\\/\\\/biof.ufrj.br\\\/#website\",\"url\":\"https:\\\/\\\/biof.ufrj.br\\\/\",\"name\":\"Instituto de Biofisica Carlos Chagas Filho\",\"description\":\"Instituto de Biof\u00edsica Carlos Chagas Filho\",\"publisher\":{\"@id\":\"https:\\\/\\\/biof.ufrj.br\\\/#organization\"},\"potentialAction\":[{\"@type\":\"SearchAction\",\"target\":{\"@type\":\"EntryPoint\",\"urlTemplate\":\"https:\\\/\\\/biof.ufrj.br\\\/?s={search_term_string}\"},\"query-input\":{\"@type\":\"PropertyValueSpecification\",\"valueRequired\":true,\"valueName\":\"search_term_string\"}}],\"inLanguage\":\"es\"},{\"@type\":\"Organization\",\"@id\":\"https:\\\/\\\/biof.ufrj.br\\\/#organization\",\"name\":\"Instituto de Biofisica Carlos Chagas Filho\",\"url\":\"https:\\\/\\\/biof.ufrj.br\\\/\",\"logo\":{\"@type\":\"ImageObject\",\"inLanguage\":\"es\",\"@id\":\"https:\\\/\\\/biof.ufrj.br\\\/#\\\/schema\\\/logo\\\/image\\\/\",\"url\":\"https:\\\/\\\/biof.ufrj.br\\\/wp-content\\\/uploads\\\/2020\\\/09\\\/cropped-logo-IBCCF-comnome.png\",\"contentUrl\":\"https:\\\/\\\/biof.ufrj.br\\\/wp-content\\\/uploads\\\/2020\\\/09\\\/cropped-logo-IBCCF-comnome.png\",\"width\":626,\"height\":195,\"caption\":\"Instituto de Biofisica Carlos Chagas Filho\"},\"image\":{\"@id\":\"https:\\\/\\\/biof.ufrj.br\\\/#\\\/schema\\\/logo\\\/image\\\/\"}}]}<\/script>\n<!-- \/ Yoast SEO plugin. -->","yoast_head_json":{"title":"QUARTO ANDAR - Instituto de Biofisica Carlos Chagas Filho","robots":{"index":"index","follow":"follow","max-snippet":"max-snippet:-1","max-image-preview":"max-image-preview:large","max-video-preview":"max-video-preview:-1"},"canonical":"https:\/\/biof.ufrj.br\/es\/quarto-andar\/","og_locale":"es_ES","og_type":"article","og_title":"QUARTO ANDAR - Instituto de Biofisica Carlos Chagas Filho","og_description":"O quarto andar \u00e9 compartilhado pelos Biot\u00e9rios NB2 e NB3. A Plataforma de Experimenta\u00e7\u00e3o e Manipula\u00e7\u00e3o de Organismos Patog\u00eanicos &#8211; NB3 (PEMOP3) \u00e9 uma unidade multiusu\u00e1ria do IBCCF criada em 2021 que visa apoiar projetos de pesquisa que necessitem de equipamentos e\/ou infraestrutura para experimenta\u00e7\u00e3o e manipula\u00e7\u00e3o de organismos altamente patog\u00eanicos que requerem um ambiente [&hellip;]","og_url":"https:\/\/biof.ufrj.br\/es\/quarto-andar\/","og_site_name":"Instituto de Biofisica Carlos Chagas Filho","article_modified_time":"2023-07-05T17:00:28+00:00","twitter_card":"summary_large_image","twitter_misc":{"Tiempo de lectura":"1 minuto"},"schema":{"@context":"https:\/\/schema.org","@graph":[{"@type":"WebPage","@id":"https:\/\/biof.ufrj.br\/quarto-andar\/","url":"https:\/\/biof.ufrj.br\/quarto-andar\/","name":"QUARTO ANDAR - Instituto de Biofisica Carlos Chagas Filho","isPartOf":{"@id":"https:\/\/biof.ufrj.br\/#website"},"datePublished":"2023-07-05T16:01:49+00:00","dateModified":"2023-07-05T17:00:28+00:00","breadcrumb":{"@id":"https:\/\/biof.ufrj.br\/quarto-andar\/#breadcrumb"},"inLanguage":"es","potentialAction":[{"@type":"ReadAction","target":["https:\/\/biof.ufrj.br\/quarto-andar\/"]}]},{"@type":"BreadcrumbList","@id":"https:\/\/biof.ufrj.br\/quarto-andar\/#breadcrumb","itemListElement":[{"@type":"ListItem","position":1,"name":"In\u00edcio","item":"https:\/\/biof.ufrj.br\/"},{"@type":"ListItem","position":2,"name":"QUARTO ANDAR"}]},{"@type":"WebSite","@id":"https:\/\/biof.ufrj.br\/#website","url":"https:\/\/biof.ufrj.br\/","name":"Instituto de Biofisica Carlos Chagas Filho","description":"Instituto de Biof\u00edsica Carlos Chagas Filho","publisher":{"@id":"https:\/\/biof.ufrj.br\/#organization"},"potentialAction":[{"@type":"SearchAction","target":{"@type":"EntryPoint","urlTemplate":"https:\/\/biof.ufrj.br\/?s={search_term_string}"},"query-input":{"@type":"PropertyValueSpecification","valueRequired":true,"valueName":"search_term_string"}}],"inLanguage":"es"},{"@type":"Organization","@id":"https:\/\/biof.ufrj.br\/#organization","name":"Instituto de Biofisica Carlos Chagas Filho","url":"https:\/\/biof.ufrj.br\/","logo":{"@type":"ImageObject","inLanguage":"es","@id":"https:\/\/biof.ufrj.br\/#\/schema\/logo\/image\/","url":"https:\/\/biof.ufrj.br\/wp-content\/uploads\/2020\/09\/cropped-logo-IBCCF-comnome.png","contentUrl":"https:\/\/biof.ufrj.br\/wp-content\/uploads\/2020\/09\/cropped-logo-IBCCF-comnome.png","width":626,"height":195,"caption":"Instituto de Biofisica Carlos Chagas Filho"},"image":{"@id":"https:\/\/biof.ufrj.br\/#\/schema\/logo\/image\/"}}]}},"_links":{"self":[{"href":"https:\/\/biof.ufrj.br\/es\/wp-json\/wp\/v2\/pages\/1701","targetHints":{"allow":["GET"]}}],"collection":[{"href":"https:\/\/biof.ufrj.br\/es\/wp-json\/wp\/v2\/pages"}],"about":[{"href":"https:\/\/biof.ufrj.br\/es\/wp-json\/wp\/v2\/types\/page"}],"author":[{"embeddable":true,"href":"https:\/\/biof.ufrj.br\/es\/wp-json\/wp\/v2\/users\/2"}],"replies":[{"embeddable":true,"href":"https:\/\/biof.ufrj.br\/es\/wp-json\/wp\/v2\/comments?post=1701"}],"version-history":[{"count":10,"href":"https:\/\/biof.ufrj.br\/es\/wp-json\/wp\/v2\/pages\/1701\/revisions"}],"predecessor-version":[{"id":1752,"href":"https:\/\/biof.ufrj.br\/es\/wp-json\/wp\/v2\/pages\/1701\/revisions\/1752"}],"wp:attachment":[{"href":"https:\/\/biof.ufrj.br\/es\/wp-json\/wp\/v2\/media?parent=1701"}],"curies":[{"name":"wp","href":"https:\/\/api.w.org\/{rel}","templated":true}]}}