{"id":18,"date":"2020-08-22T19:36:55","date_gmt":"2020-08-22T22:36:55","guid":{"rendered":"http:\/\/localhost\/wp-ibccf\/?page_id=18"},"modified":"2025-09-15T16:23:06","modified_gmt":"2025-09-15T19:23:06","slug":"o-instituto-faz-80-anos","status":"publish","type":"page","link":"https:\/\/biof.ufrj.br\/es\/o-instituto-faz-80-anos\/","title":{"rendered":"O Instituto faz 80 anos!"},"content":{"rendered":"<div data-elementor-type=\"wp-page\" data-elementor-id=\"18\" class=\"elementor elementor-18\" data-elementor-post-type=\"page\">\n\t\t\t\t\t\t<section data-particle_enable=\"false\" data-particle-mobile-disabled=\"false\" class=\"elementor-section elementor-top-section elementor-element elementor-element-7034f04 elementor-section-boxed elementor-section-height-default elementor-section-height-default\" data-id=\"7034f04\" data-element_type=\"section\" data-e-type=\"section\">\n\t\t\t\t\t\t<div class=\"elementor-container elementor-column-gap-default\">\n\t\t\t\t\t<div class=\"elementor-column elementor-col-100 elementor-top-column elementor-element elementor-element-a615e2e\" data-id=\"a615e2e\" data-element_type=\"column\" data-e-type=\"column\">\n\t\t\t<div class=\"elementor-widget-wrap\">\n\t\t\t\t\t\t\t<\/div>\n\t\t<\/div>\n\t\t\t\t\t<\/div>\n\t\t<\/section>\n\t\t\t\t<section data-particle_enable=\"false\" data-particle-mobile-disabled=\"false\" class=\"elementor-section elementor-top-section elementor-element elementor-element-0e37ca5 elementor-section-boxed elementor-section-height-default elementor-section-height-default\" data-id=\"0e37ca5\" data-element_type=\"section\" data-e-type=\"section\">\n\t\t\t\t\t\t<div class=\"elementor-container elementor-column-gap-default\">\n\t\t\t\t\t<div class=\"elementor-column elementor-col-100 elementor-top-column elementor-element elementor-element-f81f59d\" data-id=\"f81f59d\" data-element_type=\"column\" data-e-type=\"column\">\n\t\t\t<div class=\"elementor-widget-wrap elementor-element-populated\">\n\t\t\t\t\t\t<div class=\"elementor-element elementor-element-2a18c9f elementor-widget elementor-widget-text-editor\" data-id=\"2a18c9f\" data-element_type=\"widget\" data-e-type=\"widget\" data-widget_type=\"text-editor.default\">\n\t\t\t\t<div class=\"elementor-widget-container\">\n\t\t\t\t\t\t\t\t\t<p>Neste ano de 2025, o Instituto de Biof\u00edsica Carlos Chagas Filho completa 80 anos de hist\u00f3ria. Desde sua cria\u00e7\u00e3o, em 17 de dezembro de 1945 por Carlos Chagas Filho, o Instituto foi se constituindo como uma refer\u00eancia na pesquisa e produ\u00e7\u00e3o cient\u00edfica, no ensino de qualidade, na gera\u00e7\u00e3o de recursos humanos e na relev\u00e2ncia para a sociedade. Tudo isso configurando uma atmosfera de respeito e incentivo, inspirados pela filosofia de Carlos Chagas Filho, que se mant\u00e9m viva e segue inspirando novas gera\u00e7\u00f5es, sempre ressignificando sua hist\u00f3ria e apontando para o futuro.<\/p><p>Ci\u00eancia se faz\u00a0com\u00a0Trabalho!<\/p><p>Confira a programa\u00e7\u00e3o completa abaixo:<\/p><p><a href=\"https:\/\/biof.ufrj.br\/wp-content\/uploads\/2025\/09\/Programacao-80-anos-do-IBCCF.pdf\">Programa\u00e7\u00e3o 80 anos do IBCCF<\/a><\/p>\t\t\t\t\t\t\t\t<\/div>\n\t\t\t\t<\/div>\n\t\t\t\t<div class=\"elementor-element elementor-element-ddb91a5 elementor-widget elementor-widget-image\" data-id=\"ddb91a5\" data-element_type=\"widget\" data-e-type=\"widget\" data-widget_type=\"image.default\">\n\t\t\t\t<div class=\"elementor-widget-container\">\n\t\t\t\t\t\t\t\t\t\t\t\t\t\t\t<img fetchpriority=\"high\" decoding=\"async\" width=\"800\" height=\"450\" src=\"https:\/\/biof.ufrj.br\/wp-content\/uploads\/2020\/09\/Banner-entrada-IBCCF.jpg\" class=\"attachment-large size-large wp-image-338\" alt=\"\" srcset=\"https:\/\/biof.ufrj.br\/wp-content\/uploads\/2020\/09\/Banner-entrada-IBCCF.jpg 800w, https:\/\/biof.ufrj.br\/wp-content\/uploads\/2020\/09\/Banner-entrada-IBCCF-300x169.jpg 300w, https:\/\/biof.ufrj.br\/wp-content\/uploads\/2020\/09\/Banner-entrada-IBCCF-768x432.jpg 768w\" sizes=\"(max-width: 800px) 100vw, 800px\" \/>\t\t\t\t\t\t\t\t\t\t\t\t\t\t\t<\/div>\n\t\t\t\t<\/div>\n\t\t\t\t\t<\/div>\n\t\t<\/div>\n\t\t\t\t\t<\/div>\n\t\t<\/section>\n\t\t\t\t<\/div>","protected":false},"excerpt":{"rendered":"<p>Neste ano de 2025, o Instituto de Biof\u00edsica Carlos Chagas Filho completa 80 anos de hist\u00f3ria. Desde sua cria\u00e7\u00e3o, em 17 de dezembro de 1945 por Carlos Chagas Filho, o Instituto foi se constituindo como uma refer\u00eancia na pesquisa e produ\u00e7\u00e3o cient\u00edfica, no ensino de qualidade, na gera\u00e7\u00e3o de recursos humanos e na relev\u00e2ncia para [&hellip;]<\/p>\n","protected":false},"author":1,"featured_media":0,"parent":0,"menu_order":0,"comment_status":"closed","ping_status":"closed","template":"","meta":{"footnotes":""},"class_list":["post-18","page","type-page","status-publish","hentry"],"yoast_head":"<!-- This site is optimized with the Yoast SEO plugin v27.4 - https:\/\/yoast.com\/product\/yoast-seo-wordpress\/ -->\n<title>O Instituto faz 80 anos! - Instituto de Biofisica Carlos Chagas Filho<\/title>\n<meta name=\"robots\" content=\"index, follow, max-snippet:-1, max-image-preview:large, max-video-preview:-1\" \/>\n<link rel=\"canonical\" href=\"https:\/\/biof.ufrj.br\/es\/o-instituto-faz-80-anos\/\" \/>\n<meta property=\"og:locale\" content=\"es_ES\" \/>\n<meta property=\"og:type\" content=\"article\" \/>\n<meta property=\"og:title\" content=\"O Instituto faz 80 anos! - Instituto de Biofisica Carlos Chagas Filho\" \/>\n<meta property=\"og:description\" content=\"Neste ano de 2025, o Instituto de Biof\u00edsica Carlos Chagas Filho completa 80 anos de hist\u00f3ria. Desde sua cria\u00e7\u00e3o, em 17 de dezembro de 1945 por Carlos Chagas Filho, o Instituto foi se constituindo como uma refer\u00eancia na pesquisa e produ\u00e7\u00e3o cient\u00edfica, no ensino de qualidade, na gera\u00e7\u00e3o de recursos humanos e na relev\u00e2ncia para [&hellip;]\" \/>\n<meta property=\"og:url\" content=\"https:\/\/biof.ufrj.br\/es\/o-instituto-faz-80-anos\/\" \/>\n<meta property=\"og:site_name\" content=\"Instituto de Biofisica Carlos Chagas Filho\" \/>\n<meta property=\"article:modified_time\" content=\"2025-09-15T19:23:06+00:00\" \/>\n<meta property=\"og:image\" content=\"https:\/\/biof.ufrj.br\/wp-content\/uploads\/2020\/09\/Banner-entrada-IBCCF.jpg\" \/>\n\t<meta property=\"og:image:width\" content=\"800\" \/>\n\t<meta property=\"og:image:height\" content=\"450\" \/>\n\t<meta property=\"og:image:type\" content=\"image\/jpeg\" \/>\n<meta name=\"twitter:card\" content=\"summary_large_image\" \/>\n<meta name=\"twitter:label1\" content=\"Tiempo de lectura\" \/>\n\t<meta name=\"twitter:data1\" content=\"1 minuto\" \/>\n<script type=\"application\/ld+json\" class=\"yoast-schema-graph\">{\"@context\":\"https:\\\/\\\/schema.org\",\"@graph\":[{\"@type\":\"WebPage\",\"@id\":\"https:\\\/\\\/biof.ufrj.br\\\/o-instituto-faz-80-anos\\\/\",\"url\":\"https:\\\/\\\/biof.ufrj.br\\\/o-instituto-faz-80-anos\\\/\",\"name\":\"O Instituto faz 80 anos! - Instituto de Biofisica Carlos Chagas Filho\",\"isPartOf\":{\"@id\":\"https:\\\/\\\/biof.ufrj.br\\\/#website\"},\"primaryImageOfPage\":{\"@id\":\"https:\\\/\\\/biof.ufrj.br\\\/o-instituto-faz-80-anos\\\/#primaryimage\"},\"image\":{\"@id\":\"https:\\\/\\\/biof.ufrj.br\\\/o-instituto-faz-80-anos\\\/#primaryimage\"},\"thumbnailUrl\":\"https:\\\/\\\/biof.ufrj.br\\\/wp-content\\\/uploads\\\/2020\\\/09\\\/Banner-entrada-IBCCF.jpg\",\"datePublished\":\"2020-08-22T22:36:55+00:00\",\"dateModified\":\"2025-09-15T19:23:06+00:00\",\"breadcrumb\":{\"@id\":\"https:\\\/\\\/biof.ufrj.br\\\/o-instituto-faz-80-anos\\\/#breadcrumb\"},\"inLanguage\":\"es\",\"potentialAction\":[{\"@type\":\"ReadAction\",\"target\":[\"https:\\\/\\\/biof.ufrj.br\\\/o-instituto-faz-80-anos\\\/\"]}]},{\"@type\":\"ImageObject\",\"inLanguage\":\"es\",\"@id\":\"https:\\\/\\\/biof.ufrj.br\\\/o-instituto-faz-80-anos\\\/#primaryimage\",\"url\":\"https:\\\/\\\/biof.ufrj.br\\\/wp-content\\\/uploads\\\/2020\\\/09\\\/Banner-entrada-IBCCF.jpg\",\"contentUrl\":\"https:\\\/\\\/biof.ufrj.br\\\/wp-content\\\/uploads\\\/2020\\\/09\\\/Banner-entrada-IBCCF.jpg\"},{\"@type\":\"BreadcrumbList\",\"@id\":\"https:\\\/\\\/biof.ufrj.br\\\/o-instituto-faz-80-anos\\\/#breadcrumb\",\"itemListElement\":[{\"@type\":\"ListItem\",\"position\":1,\"name\":\"In\u00edcio\",\"item\":\"https:\\\/\\\/biof.ufrj.br\\\/\"},{\"@type\":\"ListItem\",\"position\":2,\"name\":\"O Instituto faz 80 anos!\"}]},{\"@type\":\"WebSite\",\"@id\":\"https:\\\/\\\/biof.ufrj.br\\\/#website\",\"url\":\"https:\\\/\\\/biof.ufrj.br\\\/\",\"name\":\"Instituto de Biofisica Carlos Chagas Filho\",\"description\":\"Instituto de Biof\u00edsica Carlos Chagas Filho\",\"publisher\":{\"@id\":\"https:\\\/\\\/biof.ufrj.br\\\/#organization\"},\"potentialAction\":[{\"@type\":\"SearchAction\",\"target\":{\"@type\":\"EntryPoint\",\"urlTemplate\":\"https:\\\/\\\/biof.ufrj.br\\\/?s={search_term_string}\"},\"query-input\":{\"@type\":\"PropertyValueSpecification\",\"valueRequired\":true,\"valueName\":\"search_term_string\"}}],\"inLanguage\":\"es\"},{\"@type\":\"Organization\",\"@id\":\"https:\\\/\\\/biof.ufrj.br\\\/#organization\",\"name\":\"Instituto de Biofisica Carlos Chagas Filho\",\"url\":\"https:\\\/\\\/biof.ufrj.br\\\/\",\"logo\":{\"@type\":\"ImageObject\",\"inLanguage\":\"es\",\"@id\":\"https:\\\/\\\/biof.ufrj.br\\\/#\\\/schema\\\/logo\\\/image\\\/\",\"url\":\"https:\\\/\\\/biof.ufrj.br\\\/wp-content\\\/uploads\\\/2020\\\/09\\\/cropped-logo-IBCCF-comnome.png\",\"contentUrl\":\"https:\\\/\\\/biof.ufrj.br\\\/wp-content\\\/uploads\\\/2020\\\/09\\\/cropped-logo-IBCCF-comnome.png\",\"width\":626,\"height\":195,\"caption\":\"Instituto de Biofisica Carlos Chagas Filho\"},\"image\":{\"@id\":\"https:\\\/\\\/biof.ufrj.br\\\/#\\\/schema\\\/logo\\\/image\\\/\"}}]}<\/script>\n<!-- \/ Yoast SEO plugin. -->","yoast_head_json":{"title":"O Instituto faz 80 anos! - Instituto de Biofisica Carlos Chagas Filho","robots":{"index":"index","follow":"follow","max-snippet":"max-snippet:-1","max-image-preview":"max-image-preview:large","max-video-preview":"max-video-preview:-1"},"canonical":"https:\/\/biof.ufrj.br\/es\/o-instituto-faz-80-anos\/","og_locale":"es_ES","og_type":"article","og_title":"O Instituto faz 80 anos! - Instituto de Biofisica Carlos Chagas Filho","og_description":"Neste ano de 2025, o Instituto de Biof\u00edsica Carlos Chagas Filho completa 80 anos de hist\u00f3ria. Desde sua cria\u00e7\u00e3o, em 17 de dezembro de 1945 por Carlos Chagas Filho, o Instituto foi se constituindo como uma refer\u00eancia na pesquisa e produ\u00e7\u00e3o cient\u00edfica, no ensino de qualidade, na gera\u00e7\u00e3o de recursos humanos e na relev\u00e2ncia para [&hellip;]","og_url":"https:\/\/biof.ufrj.br\/es\/o-instituto-faz-80-anos\/","og_site_name":"Instituto de Biofisica Carlos Chagas Filho","article_modified_time":"2025-09-15T19:23:06+00:00","og_image":[{"width":800,"height":450,"url":"https:\/\/biof.ufrj.br\/wp-content\/uploads\/2020\/09\/Banner-entrada-IBCCF.jpg","type":"image\/jpeg"}],"twitter_card":"summary_large_image","twitter_misc":{"Tiempo de lectura":"1 minuto"},"schema":{"@context":"https:\/\/schema.org","@graph":[{"@type":"WebPage","@id":"https:\/\/biof.ufrj.br\/o-instituto-faz-80-anos\/","url":"https:\/\/biof.ufrj.br\/o-instituto-faz-80-anos\/","name":"O Instituto faz 80 anos! - Instituto de Biofisica Carlos Chagas Filho","isPartOf":{"@id":"https:\/\/biof.ufrj.br\/#website"},"primaryImageOfPage":{"@id":"https:\/\/biof.ufrj.br\/o-instituto-faz-80-anos\/#primaryimage"},"image":{"@id":"https:\/\/biof.ufrj.br\/o-instituto-faz-80-anos\/#primaryimage"},"thumbnailUrl":"https:\/\/biof.ufrj.br\/wp-content\/uploads\/2020\/09\/Banner-entrada-IBCCF.jpg","datePublished":"2020-08-22T22:36:55+00:00","dateModified":"2025-09-15T19:23:06+00:00","breadcrumb":{"@id":"https:\/\/biof.ufrj.br\/o-instituto-faz-80-anos\/#breadcrumb"},"inLanguage":"es","potentialAction":[{"@type":"ReadAction","target":["https:\/\/biof.ufrj.br\/o-instituto-faz-80-anos\/"]}]},{"@type":"ImageObject","inLanguage":"es","@id":"https:\/\/biof.ufrj.br\/o-instituto-faz-80-anos\/#primaryimage","url":"https:\/\/biof.ufrj.br\/wp-content\/uploads\/2020\/09\/Banner-entrada-IBCCF.jpg","contentUrl":"https:\/\/biof.ufrj.br\/wp-content\/uploads\/2020\/09\/Banner-entrada-IBCCF.jpg"},{"@type":"BreadcrumbList","@id":"https:\/\/biof.ufrj.br\/o-instituto-faz-80-anos\/#breadcrumb","itemListElement":[{"@type":"ListItem","position":1,"name":"In\u00edcio","item":"https:\/\/biof.ufrj.br\/"},{"@type":"ListItem","position":2,"name":"O Instituto faz 80 anos!"}]},{"@type":"WebSite","@id":"https:\/\/biof.ufrj.br\/#website","url":"https:\/\/biof.ufrj.br\/","name":"Instituto de Biofisica Carlos Chagas Filho","description":"Instituto de Biof\u00edsica Carlos Chagas Filho","publisher":{"@id":"https:\/\/biof.ufrj.br\/#organization"},"potentialAction":[{"@type":"SearchAction","target":{"@type":"EntryPoint","urlTemplate":"https:\/\/biof.ufrj.br\/?s={search_term_string}"},"query-input":{"@type":"PropertyValueSpecification","valueRequired":true,"valueName":"search_term_string"}}],"inLanguage":"es"},{"@type":"Organization","@id":"https:\/\/biof.ufrj.br\/#organization","name":"Instituto de Biofisica Carlos Chagas Filho","url":"https:\/\/biof.ufrj.br\/","logo":{"@type":"ImageObject","inLanguage":"es","@id":"https:\/\/biof.ufrj.br\/#\/schema\/logo\/image\/","url":"https:\/\/biof.ufrj.br\/wp-content\/uploads\/2020\/09\/cropped-logo-IBCCF-comnome.png","contentUrl":"https:\/\/biof.ufrj.br\/wp-content\/uploads\/2020\/09\/cropped-logo-IBCCF-comnome.png","width":626,"height":195,"caption":"Instituto de Biofisica Carlos Chagas Filho"},"image":{"@id":"https:\/\/biof.ufrj.br\/#\/schema\/logo\/image\/"}}]}},"_links":{"self":[{"href":"https:\/\/biof.ufrj.br\/es\/wp-json\/wp\/v2\/pages\/18","targetHints":{"allow":["GET"]}}],"collection":[{"href":"https:\/\/biof.ufrj.br\/es\/wp-json\/wp\/v2\/pages"}],"about":[{"href":"https:\/\/biof.ufrj.br\/es\/wp-json\/wp\/v2\/types\/page"}],"author":[{"embeddable":true,"href":"https:\/\/biof.ufrj.br\/es\/wp-json\/wp\/v2\/users\/1"}],"replies":[{"embeddable":true,"href":"https:\/\/biof.ufrj.br\/es\/wp-json\/wp\/v2\/comments?post=18"}],"version-history":[{"count":19,"href":"https:\/\/biof.ufrj.br\/es\/wp-json\/wp\/v2\/pages\/18\/revisions"}],"predecessor-version":[{"id":2208,"href":"https:\/\/biof.ufrj.br\/es\/wp-json\/wp\/v2\/pages\/18\/revisions\/2208"}],"wp:attachment":[{"href":"https:\/\/biof.ufrj.br\/es\/wp-json\/wp\/v2\/media?parent=18"}],"curies":[{"name":"wp","href":"https:\/\/api.w.org\/{rel}","templated":true}]}}