{"id":2232,"date":"2025-10-10T15:09:40","date_gmt":"2025-10-10T18:09:40","guid":{"rendered":"https:\/\/biof.ufrj.br\/?page_id=2232"},"modified":"2026-04-01T10:42:43","modified_gmt":"2026-04-01T13:42:43","slug":"concursos-2025","status":"publish","type":"page","link":"https:\/\/biof.ufrj.br\/es\/ibccf\/concursos-2025\/","title":{"rendered":"Concursos 2025"},"content":{"rendered":"<div data-elementor-type=\"wp-page\" data-elementor-id=\"2232\" class=\"elementor elementor-2232\" data-elementor-post-type=\"page\">\n\t\t\t\t\t\t<section data-particle_enable=\"false\" data-particle-mobile-disabled=\"false\" class=\"elementor-section elementor-top-section elementor-element elementor-element-7ee270c elementor-section-boxed elementor-section-height-default elementor-section-height-default\" data-id=\"7ee270c\" data-element_type=\"section\" data-e-type=\"section\">\n\t\t\t\t\t\t<div class=\"elementor-container elementor-column-gap-default\">\n\t\t\t\t\t<div class=\"elementor-column elementor-col-100 elementor-top-column elementor-element elementor-element-f2eca4f\" data-id=\"f2eca4f\" data-element_type=\"column\" data-e-type=\"column\">\n\t\t\t<div class=\"elementor-widget-wrap elementor-element-populated\">\n\t\t\t\t\t\t<div class=\"elementor-element elementor-element-cebcb29 elementor-widget elementor-widget-heading\" data-id=\"cebcb29\" data-element_type=\"widget\" data-e-type=\"widget\" data-widget_type=\"heading.default\">\n\t\t\t\t<div class=\"elementor-widget-container\">\n\t\t\t\t\t<h2 class=\"elementor-heading-title elementor-size-default\">Concursos 2025<\/h2>\t\t\t\t<\/div>\n\t\t\t\t<\/div>\n\t\t\t\t\t<\/div>\n\t\t<\/div>\n\t\t\t\t\t<\/div>\n\t\t<\/section>\n\t\t\t\t<section data-particle_enable=\"false\" data-particle-mobile-disabled=\"false\" class=\"elementor-section elementor-top-section elementor-element elementor-element-4115b01 elementor-section-boxed elementor-section-height-default elementor-section-height-default\" data-id=\"4115b01\" data-element_type=\"section\" data-e-type=\"section\">\n\t\t\t\t\t\t<div class=\"elementor-container elementor-column-gap-default\">\n\t\t\t\t\t<div class=\"elementor-column elementor-col-100 elementor-top-column elementor-element elementor-element-50b9cc2\" data-id=\"50b9cc2\" data-element_type=\"column\" data-e-type=\"column\">\n\t\t\t<div class=\"elementor-widget-wrap elementor-element-populated\">\n\t\t\t\t\t\t<div class=\"elementor-element elementor-element-1ba9cfc elementor-widget elementor-widget-text-editor\" data-id=\"1ba9cfc\" data-element_type=\"widget\" data-e-type=\"widget\" data-widget_type=\"text-editor.default\">\n\t\t\t\t<div class=\"elementor-widget-container\">\n\t\t\t\t\t\t\t\t\t<p>EDITAL<\/p>\t\t\t\t\t\t\t\t<\/div>\n\t\t\t\t<\/div>\n\t\t\t\t\t<\/div>\n\t\t<\/div>\n\t\t\t\t\t<\/div>\n\t\t<\/section>\n\t\t\t\t<section data-particle_enable=\"false\" data-particle-mobile-disabled=\"false\" class=\"elementor-section elementor-top-section elementor-element elementor-element-24352f7 elementor-section-boxed elementor-section-height-default elementor-section-height-default\" data-id=\"24352f7\" data-element_type=\"section\" data-e-type=\"section\">\n\t\t\t\t\t\t<div class=\"elementor-container elementor-column-gap-default\">\n\t\t\t\t\t<div class=\"elementor-column elementor-col-100 elementor-top-column elementor-element elementor-element-067e833\" data-id=\"067e833\" data-element_type=\"column\" data-e-type=\"column\">\n\t\t\t<div class=\"elementor-widget-wrap elementor-element-populated\">\n\t\t\t\t\t\t<div class=\"elementor-element elementor-element-55663b0 elementor-widget elementor-widget-text-editor\" data-id=\"55663b0\" data-element_type=\"widget\" data-e-type=\"widget\" data-widget_type=\"text-editor.default\">\n\t\t\t\t<div class=\"elementor-widget-container\">\n\t\t\t\t\t\t\t\t\t<p>Confira o edital dos concursos do IBCCF clicando <a href=\"https:\/\/www.in.gov.br\/en\/web\/dou\/-\/edital-n-875-de-19-de-setembro-de-2025-657410460\">aqui<\/a>.<\/p><p>Edital UFRJ n\u00ba 875, de 19 de setembro de 2025, publicado em 22\/09\/2025, Edi\u00e7\u00e3o 180, Se\u00e7\u00e3o 3, P\u00e1gina 74.<\/p>\t\t\t\t\t\t\t\t<\/div>\n\t\t\t\t<\/div>\n\t\t\t\t\t<\/div>\n\t\t<\/div>\n\t\t\t\t\t<\/div>\n\t\t<\/section>\n\t\t\t\t<section data-particle_enable=\"false\" data-particle-mobile-disabled=\"false\" class=\"elementor-section elementor-top-section elementor-element elementor-element-5db5f3b elementor-section-boxed elementor-section-height-default elementor-section-height-default\" data-id=\"5db5f3b\" data-element_type=\"section\" data-e-type=\"section\">\n\t\t\t\t\t\t<div class=\"elementor-container elementor-column-gap-default\">\n\t\t\t\t\t<div class=\"elementor-column elementor-col-100 elementor-top-column elementor-element elementor-element-b60bf95\" data-id=\"b60bf95\" data-element_type=\"column\" data-e-type=\"column\">\n\t\t\t<div class=\"elementor-widget-wrap elementor-element-populated\">\n\t\t\t\t\t\t<div class=\"elementor-element elementor-element-512bbb0 elementor-widget elementor-widget-text-editor\" data-id=\"512bbb0\" data-element_type=\"widget\" data-e-type=\"widget\" data-widget_type=\"text-editor.default\">\n\t\t\t\t<div class=\"elementor-widget-container\">\n\t\t\t\t\t\t\t\t\t<p>ENDERE\u00c7O<\/p>\t\t\t\t\t\t\t\t<\/div>\n\t\t\t\t<\/div>\n\t\t\t\t\t<\/div>\n\t\t<\/div>\n\t\t\t\t\t<\/div>\n\t\t<\/section>\n\t\t\t\t<section data-particle_enable=\"false\" data-particle-mobile-disabled=\"false\" class=\"elementor-section elementor-top-section elementor-element elementor-element-a3a1249 elementor-section-boxed elementor-section-height-default elementor-section-height-default\" data-id=\"a3a1249\" data-element_type=\"section\" data-e-type=\"section\">\n\t\t\t\t\t\t<div class=\"elementor-container elementor-column-gap-default\">\n\t\t\t\t\t<div class=\"elementor-column elementor-col-100 elementor-top-column elementor-element elementor-element-e3078f8\" data-id=\"e3078f8\" data-element_type=\"column\" data-e-type=\"column\">\n\t\t\t<div class=\"elementor-widget-wrap elementor-element-populated\">\n\t\t\t\t\t\t<div class=\"elementor-element elementor-element-0eb1a1d elementor-widget elementor-widget-text-editor\" data-id=\"0eb1a1d\" data-element_type=\"widget\" data-e-type=\"widget\" data-widget_type=\"text-editor.default\">\n\t\t\t\t<div class=\"elementor-widget-container\">\n\t\t\t\t\t\t\t\t\t<p>Centro de Ci\u00eancias da Sa\u00fade (CCS)<br \/>Instituto de Biof\u00edsica Carlos Chagas Filho \u2013 Gabinete da Dire\u00e7\u00e3o<br \/>Avenida Carlos Chagas Filho 373 \u2013 Bloco G &#8211; Sala G1-019<br \/>Cidade Universit\u00e1ria<br \/>Rio de Janeiro<br \/>CEP. 21941-902<\/p>\t\t\t\t\t\t\t\t<\/div>\n\t\t\t\t<\/div>\n\t\t\t\t\t<\/div>\n\t\t<\/div>\n\t\t\t\t\t<\/div>\n\t\t<\/section>\n\t\t\t\t<section data-particle_enable=\"false\" data-particle-mobile-disabled=\"false\" class=\"elementor-section elementor-top-section elementor-element elementor-element-00b26be elementor-section-boxed elementor-section-height-default elementor-section-height-default\" data-id=\"00b26be\" data-element_type=\"section\" data-e-type=\"section\">\n\t\t\t\t\t\t<div class=\"elementor-container elementor-column-gap-default\">\n\t\t\t\t\t<div class=\"elementor-column elementor-col-100 elementor-top-column elementor-element elementor-element-71f62a8\" data-id=\"71f62a8\" data-element_type=\"column\" data-e-type=\"column\">\n\t\t\t<div class=\"elementor-widget-wrap elementor-element-populated\">\n\t\t\t\t\t\t<div class=\"elementor-element elementor-element-c7788c3 elementor-widget elementor-widget-text-editor\" data-id=\"c7788c3\" data-element_type=\"widget\" data-e-type=\"widget\" data-widget_type=\"text-editor.default\">\n\t\t\t\t<div class=\"elementor-widget-container\">\n\t\t\t\t\t\t\t\t\t<p>VAGAS<\/p>\t\t\t\t\t\t\t\t<\/div>\n\t\t\t\t<\/div>\n\t\t\t\t\t<\/div>\n\t\t<\/div>\n\t\t\t\t\t<\/div>\n\t\t<\/section>\n\t\t\t\t<section data-particle_enable=\"false\" data-particle-mobile-disabled=\"false\" class=\"elementor-section elementor-top-section elementor-element elementor-element-fd0d1d7 elementor-section-boxed elementor-section-height-default elementor-section-height-default\" data-id=\"fd0d1d7\" data-element_type=\"section\" data-e-type=\"section\">\n\t\t\t\t\t\t<div class=\"elementor-container elementor-column-gap-default\">\n\t\t\t\t\t<div class=\"elementor-column elementor-col-100 elementor-top-column elementor-element elementor-element-f28d7a8\" data-id=\"f28d7a8\" data-element_type=\"column\" data-e-type=\"column\">\n\t\t\t<div class=\"elementor-widget-wrap elementor-element-populated\">\n\t\t\t\t\t\t<div class=\"elementor-element elementor-element-acc59b4 elementor-widget elementor-widget-text-editor\" data-id=\"acc59b4\" data-element_type=\"widget\" data-e-type=\"widget\" data-widget_type=\"text-editor.default\">\n\t\t\t\t<div class=\"elementor-widget-container\">\n\t\t\t\t\t\t\t\t\t<p>Acompanhe abaixo as informa\u00e7\u00f5es de cada concurso.<\/p>\t\t\t\t\t\t\t\t<\/div>\n\t\t\t\t<\/div>\n\t\t\t\t\t<\/div>\n\t\t<\/div>\n\t\t\t\t\t<\/div>\n\t\t<\/section>\n\t\t\t\t<section data-particle_enable=\"false\" data-particle-mobile-disabled=\"false\" class=\"elementor-section elementor-top-section elementor-element elementor-element-1320db5 elementor-section-boxed elementor-section-height-default elementor-section-height-default\" data-id=\"1320db5\" data-element_type=\"section\" data-e-type=\"section\">\n\t\t\t\t\t\t<div class=\"elementor-container elementor-column-gap-default\">\n\t\t\t\t\t<div class=\"elementor-column elementor-col-100 elementor-top-column elementor-element elementor-element-ce988ad\" data-id=\"ce988ad\" data-element_type=\"column\" data-e-type=\"column\">\n\t\t\t<div class=\"elementor-widget-wrap elementor-element-populated\">\n\t\t\t\t\t\t<div class=\"elementor-element elementor-element-956e5fb elementor-widget elementor-widget-accordion\" data-id=\"956e5fb\" data-element_type=\"widget\" data-e-type=\"widget\" data-widget_type=\"accordion.default\">\n\t\t\t\t<div class=\"elementor-widget-container\">\n\t\t\t\t\t\t\t<div class=\"elementor-accordion\">\n\t\t\t\t\t\t\t<div class=\"elementor-accordion-item\">\n\t\t\t\t\t<div id=\"elementor-tab-title-1561\" class=\"elementor-tab-title\" data-tab=\"1\" role=\"button\" aria-controls=\"elementor-tab-content-1561\" aria-expanded=\"false\">\n\t\t\t\t\t\t\t\t\t\t\t\t\t<span class=\"elementor-accordion-icon elementor-accordion-icon-left\" aria-hidden=\"true\">\n\t\t\t\t\t\t\t\t\t\t\t\t\t\t\t<span class=\"elementor-accordion-icon-closed\"><i class=\"fas fa-plus\"><\/i><\/span>\n\t\t\t\t\t\t\t\t<span class=\"elementor-accordion-icon-opened\"><i class=\"fas fa-minus\"><\/i><\/span>\n\t\t\t\t\t\t\t\t\t\t\t\t\t\t<\/span>\n\t\t\t\t\t\t\t\t\t\t\t\t<a class=\"elementor-accordion-title\" tabindex=\"0\">Vaga MC-054 - Biof\u00edsica Ambiental<\/a>\n\t\t\t\t\t<\/div>\n\t\t\t\t\t<div id=\"elementor-tab-content-1561\" class=\"elementor-tab-content elementor-clearfix\" data-tab=\"1\" role=\"region\" aria-labelledby=\"elementor-tab-title-1561\"><div><p><strong>CONTE\u00daDO PROGRAM\u00c1TICO:<\/strong><\/p><p>Clique <a href=\"https:\/\/concursos.pr4.ufrj.br\/images\/Edital-875-2025-MS\/5-Conteudo-Programatico\/conteudo-programatico-7\/MC-054_-_Contedo_Programatico.pdf\">aqui<\/a> e conhe\u00e7a o conte\u00fado program\u00e1tico.<\/p><p><strong>CRIT\u00c9RIOS DE AVALIA\u00c7\u00c3O:<\/strong><\/p><p>Clique <a href=\"https:\/\/concursos.pr4.ufrj.br\/images\/Edital-875-2025-MS\/8-Tabelas-criterios-de-titulos-e-trabalhos\/tabelas4\/MC054_e_MC055_Tabela.pdf\">aqui<\/a> e saiba quais s\u00e3os os crit\u00e9rios de avalia\u00e7\u00e3o.<\/p><p><strong>HOMOLOGA\u00c7\u00c3O DAS INSCRI\u00c7\u00d5ES &#8211; RESULTADO FINAL:<\/strong><\/p><p>Clique <a href=\"https:\/\/concursos.pr4.ufrj.br\/images\/Edital-875-2025-MS\/15-homologacao-inscricao-preliminar\/Edital875-Resultado-Definitivo-Homologacao-Inscricoes-Pelas-Unidades.pdf\">aqui<\/a> e confira a lista de candidatos.<\/p><p><strong>COMISS\u00c3O EXAMINADORA:<\/strong><\/p><p>Clique <a href=\"https:\/\/biof.ufrj.br\/wp-content\/uploads\/2026\/04\/SEI_6467836_Portaria_de_Pessoal_2735.pdf\">aqui<\/a> para conhecer a comiss\u00e3o.<\/p><p><strong>CALEND\u00c1RIO DAS PROVAS:<\/strong><\/p><p>Clique <a href=\"https:\/\/concursos.pr4.ufrj.br\/images\/Edital-875-2025-MS\/17-Cronogramas-Detalhados\/MC-054-Cronograma-18-03-2026.pdf\">aqui<\/a> e veja o cronograma detalhado.<\/p><p><span style=\"color: #ff0000;\">Aviso\/Comunicado:\u00a0\u00a0Rio de Janeiro, 18 de mar\u00e7o de 2026.<\/span><\/p><p><span style=\"color: #ff0000;\">Prezados (as) candidatos(as),<\/span><br \/><span style=\"color: #ff0000;\">A dire\u00e7\u00e3o e a comiss\u00e3o organizadora do concurso MC-054 \u2013 Biof\u00edsica Ambiental (Edital 875\/2025) vem, por meio deste, comunicar que o adiamento do in\u00edcio das atividades, anteriormente previsto para o dia 16\/03\/2026 ocorreu por decorr\u00eancia de problemas de sa\u00fade envolvendo dois membros da banca examinadora &#8211; um membro efetivo e um suplente, o que impossibilitou a realiza\u00e7\u00e3o do certame na data inicialmente programada.<\/span><br \/><span style=\"color: #ff0000;\">Informamos que o concurso foi remarcado para ter in\u00edcio no dia 23\/03\/2026 (segunda-feira) \u00e0s 08h30. O novo cronograma estar\u00e1 dispon\u00edvel no site oficial dos concursos da UFRJ e foi encaminhado, por e-mail, aos candidatos..<\/span><br \/><span style=\"color: #ff0000;\">Esclarecemos ainda que a banca examinadora ser\u00e1 mantida, havendo apenas a substitui\u00e7\u00e3o de um dos membros pelo suplente externo, conforme previsto nas normas do edital.<\/span><br \/><span style=\"color: #ff0000;\">Pedimos sinceras desculpas por eventuais transtornos causados e agradecemos a compreens\u00e3o de todos(as).<\/span><br \/><span style=\"color: #ff0000;\">Permanecemos \u00e0 disposi\u00e7\u00e3o para quaisquer esclarecimentos adicionais.<\/span><\/p><\/div><p><strong>APROVADOS PARA A 2\u00aa ETAPA:<\/strong><\/p><p style=\"font-weight: 400;\">De acordo com o cronograma, divulgamos a lista dos candidatos aprovados para a segunda etapa do concurso referente \u00e0 vaga MC-054 \u2013 Biof\u00edsica Ambiental, conforme o Edital 875\/25.<\/p><p>Os aprovados,\u00a0<strong>em ordem\u00a0 alfab\u00e9tica<\/strong>, s\u00e3o:<\/p><ul><li style=\"font-weight: 400;\">Cassiano Augusto Rolim Bernardino<\/li><li>Eline Sim\u00f5es Gon\u00e7alves<\/li><li>Julia Vianna da Anuncia\u00e7\u00e3o de Pinho<\/li><li>Nara de Oliveira Ferreira<\/li><li>Monizze Vannuci e Silva<\/li><\/ul><p>\u00a0<\/p><p><strong>APROVADOS NO CONCURSO:<\/strong><\/p><\/div>\n\t\t\t\t<\/div>\n\t\t\t\t\t\t\t<div class=\"elementor-accordion-item\">\n\t\t\t\t\t<div id=\"elementor-tab-title-1562\" class=\"elementor-tab-title\" data-tab=\"2\" role=\"button\" aria-controls=\"elementor-tab-content-1562\" aria-expanded=\"false\">\n\t\t\t\t\t\t\t\t\t\t\t\t\t<span class=\"elementor-accordion-icon elementor-accordion-icon-left\" aria-hidden=\"true\">\n\t\t\t\t\t\t\t\t\t\t\t\t\t\t\t<span class=\"elementor-accordion-icon-closed\"><i class=\"fas fa-plus\"><\/i><\/span>\n\t\t\t\t\t\t\t\t<span class=\"elementor-accordion-icon-opened\"><i class=\"fas fa-minus\"><\/i><\/span>\n\t\t\t\t\t\t\t\t\t\t\t\t\t\t<\/span>\n\t\t\t\t\t\t\t\t\t\t\t\t<a class=\"elementor-accordion-title\" tabindex=\"0\">Vaga MC-055 - Mecanismos Fisiopatol\u00f3gicos Renais Envolvidos em Doen\u00e7as de Alta Preval\u00eancia<\/a>\n\t\t\t\t\t<\/div>\n\t\t\t\t\t<div id=\"elementor-tab-content-1562\" class=\"elementor-tab-content elementor-clearfix\" data-tab=\"2\" role=\"region\" aria-labelledby=\"elementor-tab-title-1562\"><div><p><strong>CONTE\u00daDO PROGRAM\u00c1TICO:<\/strong><\/p><p>Clique <a href=\"https:\/\/concursos.pr4.ufrj.br\/images\/Edital-875-2025-MS\/5-Conteudo-Programatico\/conteudo-programatico-7\/MC-055_-_Contedo_Programatico.pdf\">aqui<\/a> e conhe\u00e7a o conte\u00fado program\u00e1tico.<\/p><p><strong>CRIT\u00c9RIOS DE AVALIA\u00c7\u00c3O:<\/strong><\/p><p>Clique <a href=\"https:\/\/concursos.pr4.ufrj.br\/images\/Edital-875-2025-MS\/8-Tabelas-criterios-de-titulos-e-trabalhos\/tabelas4\/MC054_e_MC055_Tabela.pdf\">aqui<\/a> e saiba quais s\u00e3os os crit\u00e9rios de avalia\u00e7\u00e3o.<\/p><p><strong>HOMOLOGA\u00c7\u00c3O DAS INSCRI\u00c7\u00d5ES &#8211; RESULTADO FINAL:<\/strong><\/p><p>Clique <a href=\"https:\/\/concursos.pr4.ufrj.br\/images\/Edital-875-2025-MS\/15-homologacao-inscricao-preliminar\/Edital875-Resultado-Definitivo-Homologacao-Inscricoes-Pelas-Unidades.pdf\">aqui<\/a> e confira a lista de candidatos.<\/p><p><strong>COMISS\u00c3O EXAMINADORA:<\/strong><\/p><p>Clique <a href=\"https:\/\/concursos.pr4.ufrj.br\/images\/Edital-875-2025-MS\/16-Comissoes-Julgadoras\/Banca-MC-055-Nova-27-02-2026.pdf\">aqui<\/a> para conhecer a comiss\u00e3o.<\/p><p><strong>CALEND\u00c1RIO DAS PROVAS:<\/strong><\/p><p>Clique <a href=\"https:\/\/concursos.pr4.ufrj.br\/images\/Edital-875-2025-MS\/17-Cronogramas-Detalhados\/MC-055_-_Cronograma_Detalhado.pdf\">aqui<\/a> e veja o cronograma detalhado.<\/p><\/div><p><strong>APROVADOS PARA A 2\u00aa ETAPA:<\/strong><\/p><p>Os aprovados, em <strong>ordem alfab\u00e9tica<\/strong>, s\u00e3o:<\/p><p>Amaury Pereira Ac\u00e1cio<\/p><p>Douglas Esteves Teixeira<\/p><p>Raquel Costa da Silva<\/p><p><strong>APROVADOS NO CONCURSO:<\/strong><\/p><\/div>\n\t\t\t\t<\/div>\n\t\t\t\t\t\t\t\t<\/div>\n\t\t\t\t\t\t<\/div>\n\t\t\t\t<\/div>\n\t\t\t\t\t<\/div>\n\t\t<\/div>\n\t\t\t\t\t<\/div>\n\t\t<\/section>\n\t\t\t\t<\/div>","protected":false},"excerpt":{"rendered":"<p>Concursos 2025 EDITAL Confira o edital dos concursos do IBCCF clicando aqui. Edital UFRJ n\u00ba 875, de 19 de setembro de 2025, publicado em 22\/09\/2025, Edi\u00e7\u00e3o 180, Se\u00e7\u00e3o 3, P\u00e1gina 74. ENDERE\u00c7O Centro de Ci\u00eancias da Sa\u00fade (CCS)Instituto de Biof\u00edsica Carlos Chagas Filho \u2013 Gabinete da Dire\u00e7\u00e3oAvenida Carlos Chagas Filho 373 \u2013 Bloco G &#8211; [&hellip;]<\/p>\n","protected":false},"author":2,"featured_media":0,"parent":76,"menu_order":0,"comment_status":"closed","ping_status":"closed","template":"","meta":{"footnotes":""},"class_list":["post-2232","page","type-page","status-publish","hentry"],"yoast_head":"<!-- This site is optimized with the Yoast SEO plugin v27.3 - https:\/\/yoast.com\/product\/yoast-seo-wordpress\/ -->\n<title>Concursos 2025 - Instituto de Biofisica Carlos Chagas Filho<\/title>\n<meta name=\"robots\" content=\"index, follow, max-snippet:-1, max-image-preview:large, max-video-preview:-1\" \/>\n<link rel=\"canonical\" href=\"https:\/\/biof.ufrj.br\/es\/ibccf\/concursos-2025\/\" \/>\n<meta property=\"og:locale\" content=\"es_ES\" \/>\n<meta property=\"og:type\" content=\"article\" \/>\n<meta property=\"og:title\" content=\"Concursos 2025 - Instituto de Biofisica Carlos Chagas Filho\" \/>\n<meta property=\"og:description\" content=\"Concursos 2025 EDITAL Confira o edital dos concursos do IBCCF clicando aqui. Edital UFRJ n\u00ba 875, de 19 de setembro de 2025, publicado em 22\/09\/2025, Edi\u00e7\u00e3o 180, Se\u00e7\u00e3o 3, P\u00e1gina 74. ENDERE\u00c7O Centro de Ci\u00eancias da Sa\u00fade (CCS)Instituto de Biof\u00edsica Carlos Chagas Filho \u2013 Gabinete da Dire\u00e7\u00e3oAvenida Carlos Chagas Filho 373 \u2013 Bloco G &#8211; [&hellip;]\" \/>\n<meta property=\"og:url\" content=\"https:\/\/biof.ufrj.br\/es\/ibccf\/concursos-2025\/\" \/>\n<meta property=\"og:site_name\" content=\"Instituto de Biofisica Carlos Chagas Filho\" \/>\n<meta property=\"article:modified_time\" content=\"2026-04-01T13:42:43+00:00\" \/>\n<meta name=\"twitter:card\" content=\"summary_large_image\" \/>\n<meta name=\"twitter:label1\" content=\"Tiempo de lectura\" \/>\n\t<meta name=\"twitter:data1\" content=\"3 minutos\" \/>\n<script type=\"application\/ld+json\" class=\"yoast-schema-graph\">{\"@context\":\"https:\\\/\\\/schema.org\",\"@graph\":[{\"@type\":\"WebPage\",\"@id\":\"https:\\\/\\\/biof.ufrj.br\\\/ibccf\\\/concursos-2025\\\/\",\"url\":\"https:\\\/\\\/biof.ufrj.br\\\/ibccf\\\/concursos-2025\\\/\",\"name\":\"Concursos 2025 - Instituto de Biofisica Carlos Chagas Filho\",\"isPartOf\":{\"@id\":\"https:\\\/\\\/biof.ufrj.br\\\/#website\"},\"datePublished\":\"2025-10-10T18:09:40+00:00\",\"dateModified\":\"2026-04-01T13:42:43+00:00\",\"breadcrumb\":{\"@id\":\"https:\\\/\\\/biof.ufrj.br\\\/ibccf\\\/concursos-2025\\\/#breadcrumb\"},\"inLanguage\":\"es\",\"potentialAction\":[{\"@type\":\"ReadAction\",\"target\":[\"https:\\\/\\\/biof.ufrj.br\\\/ibccf\\\/concursos-2025\\\/\"]}]},{\"@type\":\"BreadcrumbList\",\"@id\":\"https:\\\/\\\/biof.ufrj.br\\\/ibccf\\\/concursos-2025\\\/#breadcrumb\",\"itemListElement\":[{\"@type\":\"ListItem\",\"position\":1,\"name\":\"In\u00edcio\",\"item\":\"https:\\\/\\\/biof.ufrj.br\\\/\"},{\"@type\":\"ListItem\",\"position\":2,\"name\":\"IBCCF\",\"item\":\"https:\\\/\\\/biof.ufrj.br\\\/\"},{\"@type\":\"ListItem\",\"position\":3,\"name\":\"Concursos 2025\"}]},{\"@type\":\"WebSite\",\"@id\":\"https:\\\/\\\/biof.ufrj.br\\\/#website\",\"url\":\"https:\\\/\\\/biof.ufrj.br\\\/\",\"name\":\"Instituto de Biofisica Carlos Chagas Filho\",\"description\":\"Instituto de Biof\u00edsica Carlos Chagas Filho\",\"publisher\":{\"@id\":\"https:\\\/\\\/biof.ufrj.br\\\/#organization\"},\"potentialAction\":[{\"@type\":\"SearchAction\",\"target\":{\"@type\":\"EntryPoint\",\"urlTemplate\":\"https:\\\/\\\/biof.ufrj.br\\\/?s={search_term_string}\"},\"query-input\":{\"@type\":\"PropertyValueSpecification\",\"valueRequired\":true,\"valueName\":\"search_term_string\"}}],\"inLanguage\":\"es\"},{\"@type\":\"Organization\",\"@id\":\"https:\\\/\\\/biof.ufrj.br\\\/#organization\",\"name\":\"Instituto de Biofisica Carlos Chagas Filho\",\"url\":\"https:\\\/\\\/biof.ufrj.br\\\/\",\"logo\":{\"@type\":\"ImageObject\",\"inLanguage\":\"es\",\"@id\":\"https:\\\/\\\/biof.ufrj.br\\\/#\\\/schema\\\/logo\\\/image\\\/\",\"url\":\"https:\\\/\\\/biof.ufrj.br\\\/wp-content\\\/uploads\\\/2020\\\/09\\\/cropped-logo-IBCCF-comnome.png\",\"contentUrl\":\"https:\\\/\\\/biof.ufrj.br\\\/wp-content\\\/uploads\\\/2020\\\/09\\\/cropped-logo-IBCCF-comnome.png\",\"width\":626,\"height\":195,\"caption\":\"Instituto de Biofisica Carlos Chagas Filho\"},\"image\":{\"@id\":\"https:\\\/\\\/biof.ufrj.br\\\/#\\\/schema\\\/logo\\\/image\\\/\"}}]}<\/script>\n<!-- \/ Yoast SEO plugin. -->","yoast_head_json":{"title":"Concursos 2025 - Instituto de Biofisica Carlos Chagas Filho","robots":{"index":"index","follow":"follow","max-snippet":"max-snippet:-1","max-image-preview":"max-image-preview:large","max-video-preview":"max-video-preview:-1"},"canonical":"https:\/\/biof.ufrj.br\/es\/ibccf\/concursos-2025\/","og_locale":"es_ES","og_type":"article","og_title":"Concursos 2025 - Instituto de Biofisica Carlos Chagas Filho","og_description":"Concursos 2025 EDITAL Confira o edital dos concursos do IBCCF clicando aqui. Edital UFRJ n\u00ba 875, de 19 de setembro de 2025, publicado em 22\/09\/2025, Edi\u00e7\u00e3o 180, Se\u00e7\u00e3o 3, P\u00e1gina 74. ENDERE\u00c7O Centro de Ci\u00eancias da Sa\u00fade (CCS)Instituto de Biof\u00edsica Carlos Chagas Filho \u2013 Gabinete da Dire\u00e7\u00e3oAvenida Carlos Chagas Filho 373 \u2013 Bloco G &#8211; [&hellip;]","og_url":"https:\/\/biof.ufrj.br\/es\/ibccf\/concursos-2025\/","og_site_name":"Instituto de Biofisica Carlos Chagas Filho","article_modified_time":"2026-04-01T13:42:43+00:00","twitter_card":"summary_large_image","twitter_misc":{"Tiempo de lectura":"3 minutos"},"schema":{"@context":"https:\/\/schema.org","@graph":[{"@type":"WebPage","@id":"https:\/\/biof.ufrj.br\/ibccf\/concursos-2025\/","url":"https:\/\/biof.ufrj.br\/ibccf\/concursos-2025\/","name":"Concursos 2025 - Instituto de Biofisica Carlos Chagas Filho","isPartOf":{"@id":"https:\/\/biof.ufrj.br\/#website"},"datePublished":"2025-10-10T18:09:40+00:00","dateModified":"2026-04-01T13:42:43+00:00","breadcrumb":{"@id":"https:\/\/biof.ufrj.br\/ibccf\/concursos-2025\/#breadcrumb"},"inLanguage":"es","potentialAction":[{"@type":"ReadAction","target":["https:\/\/biof.ufrj.br\/ibccf\/concursos-2025\/"]}]},{"@type":"BreadcrumbList","@id":"https:\/\/biof.ufrj.br\/ibccf\/concursos-2025\/#breadcrumb","itemListElement":[{"@type":"ListItem","position":1,"name":"In\u00edcio","item":"https:\/\/biof.ufrj.br\/"},{"@type":"ListItem","position":2,"name":"IBCCF","item":"https:\/\/biof.ufrj.br\/"},{"@type":"ListItem","position":3,"name":"Concursos 2025"}]},{"@type":"WebSite","@id":"https:\/\/biof.ufrj.br\/#website","url":"https:\/\/biof.ufrj.br\/","name":"Instituto de Biofisica Carlos Chagas Filho","description":"Instituto de Biof\u00edsica Carlos Chagas Filho","publisher":{"@id":"https:\/\/biof.ufrj.br\/#organization"},"potentialAction":[{"@type":"SearchAction","target":{"@type":"EntryPoint","urlTemplate":"https:\/\/biof.ufrj.br\/?s={search_term_string}"},"query-input":{"@type":"PropertyValueSpecification","valueRequired":true,"valueName":"search_term_string"}}],"inLanguage":"es"},{"@type":"Organization","@id":"https:\/\/biof.ufrj.br\/#organization","name":"Instituto de Biofisica Carlos Chagas Filho","url":"https:\/\/biof.ufrj.br\/","logo":{"@type":"ImageObject","inLanguage":"es","@id":"https:\/\/biof.ufrj.br\/#\/schema\/logo\/image\/","url":"https:\/\/biof.ufrj.br\/wp-content\/uploads\/2020\/09\/cropped-logo-IBCCF-comnome.png","contentUrl":"https:\/\/biof.ufrj.br\/wp-content\/uploads\/2020\/09\/cropped-logo-IBCCF-comnome.png","width":626,"height":195,"caption":"Instituto de Biofisica Carlos Chagas Filho"},"image":{"@id":"https:\/\/biof.ufrj.br\/#\/schema\/logo\/image\/"}}]}},"_links":{"self":[{"href":"https:\/\/biof.ufrj.br\/es\/wp-json\/wp\/v2\/pages\/2232","targetHints":{"allow":["GET"]}}],"collection":[{"href":"https:\/\/biof.ufrj.br\/es\/wp-json\/wp\/v2\/pages"}],"about":[{"href":"https:\/\/biof.ufrj.br\/es\/wp-json\/wp\/v2\/types\/page"}],"author":[{"embeddable":true,"href":"https:\/\/biof.ufrj.br\/es\/wp-json\/wp\/v2\/users\/2"}],"replies":[{"embeddable":true,"href":"https:\/\/biof.ufrj.br\/es\/wp-json\/wp\/v2\/comments?post=2232"}],"version-history":[{"count":44,"href":"https:\/\/biof.ufrj.br\/es\/wp-json\/wp\/v2\/pages\/2232\/revisions"}],"predecessor-version":[{"id":2349,"href":"https:\/\/biof.ufrj.br\/es\/wp-json\/wp\/v2\/pages\/2232\/revisions\/2349"}],"up":[{"embeddable":true,"href":"https:\/\/biof.ufrj.br\/es\/wp-json\/wp\/v2\/pages\/76"}],"wp:attachment":[{"href":"https:\/\/biof.ufrj.br\/es\/wp-json\/wp\/v2\/media?parent=2232"}],"curies":[{"name":"wp","href":"https:\/\/api.w.org\/{rel}","templated":true}]}}