{"id":28,"date":"2020-08-22T19:42:37","date_gmt":"2020-08-22T22:42:37","guid":{"rendered":"http:\/\/localhost\/wp-ibccf\/?page_id=28"},"modified":"2020-10-10T16:51:56","modified_gmt":"2020-10-10T19:51:56","slug":"setores-administrativos","status":"publish","type":"page","link":"https:\/\/biof.ufrj.br\/es\/ibccf\/setores-administrativos\/","title":{"rendered":"Setores Administrativos"},"content":{"rendered":"<div data-elementor-type=\"wp-page\" data-elementor-id=\"28\" class=\"elementor elementor-28\" data-elementor-post-type=\"page\">\n\t\t\t\t\t\t<section data-particle_enable=\"false\" data-particle-mobile-disabled=\"false\" class=\"elementor-section elementor-top-section elementor-element elementor-element-1ccaf883 elementor-section-height-min-height elementor-section-content-middle elementor-section-boxed elementor-section-height-default elementor-section-items-middle\" data-id=\"1ccaf883\" data-element_type=\"section\" data-e-type=\"section\" data-settings=\"{&quot;background_background&quot;:&quot;slideshow&quot;,&quot;background_slideshow_gallery&quot;:[],&quot;background_slideshow_loop&quot;:&quot;yes&quot;,&quot;background_slideshow_slide_duration&quot;:5000,&quot;background_slideshow_slide_transition&quot;:&quot;fade&quot;,&quot;background_slideshow_transition_duration&quot;:500}\">\n\t\t\t\t\t\t<div class=\"elementor-container elementor-column-gap-no\">\n\t\t\t\t\t<div class=\"elementor-column elementor-col-50 elementor-top-column elementor-element elementor-element-60ece457\" data-id=\"60ece457\" data-element_type=\"column\" data-e-type=\"column\">\n\t\t\t<div class=\"elementor-widget-wrap elementor-element-populated\">\n\t\t\t\t\t\t<div class=\"elementor-element elementor-element-326e0aa6 elementor-widget elementor-widget-theme-site-logo elementor-widget-image\" data-id=\"326e0aa6\" data-element_type=\"widget\" data-e-type=\"widget\" data-widget_type=\"theme-site-logo.default\">\n\t\t\t\t<div class=\"elementor-widget-container\">\n\t\t\t\t\t\t\t\t\t\t\t<a href=\"https:\/\/biof.ufrj.br\/es\">\n\t\t\t<img decoding=\"async\" width=\"300\" height=\"93\" src=\"https:\/\/biof.ufrj.br\/wp-content\/uploads\/2020\/09\/cropped-logo-IBCCF-comnome-300x93.png\" class=\"attachment-medium size-medium wp-image-384\" alt=\"\" srcset=\"https:\/\/biof.ufrj.br\/wp-content\/uploads\/2020\/09\/cropped-logo-IBCCF-comnome-300x93.png 300w, https:\/\/biof.ufrj.br\/wp-content\/uploads\/2020\/09\/cropped-logo-IBCCF-comnome.png 626w\" sizes=\"(max-width: 300px) 100vw, 300px\" \/>\t\t\t\t<\/a>\n\t\t\t\t\t\t\t\t\t\t\t<\/div>\n\t\t\t\t<\/div>\n\t\t\t\t\t<\/div>\n\t\t<\/div>\n\t\t\t\t<div class=\"elementor-column elementor-col-50 elementor-top-column elementor-element elementor-element-3522414c\" data-id=\"3522414c\" data-element_type=\"column\" data-e-type=\"column\">\n\t\t\t<div class=\"elementor-widget-wrap elementor-element-populated\">\n\t\t\t\t\t\t<div class=\"elementor-element elementor-element-99f20ca elementor-widget elementor-widget-heading\" data-id=\"99f20ca\" data-element_type=\"widget\" data-e-type=\"widget\" data-widget_type=\"heading.default\">\n\t\t\t\t<div class=\"elementor-widget-container\">\n\t\t\t\t\t<h1 class=\"elementor-heading-title elementor-size-large\">Instituto de Biof\u00edsica Carlos Chagas Filho<\/h1>\t\t\t\t<\/div>\n\t\t\t\t<\/div>\n\t\t\t\t\t<\/div>\n\t\t<\/div>\n\t\t\t\t\t<\/div>\n\t\t<\/section>\n\t\t\t\t<nav data-particle_enable=\"false\" data-particle-mobile-disabled=\"false\" class=\"elementor-section elementor-top-section elementor-element elementor-element-16504992 elementor-section-content-middle elementor-section-boxed elementor-section-height-default elementor-section-height-default\" data-id=\"16504992\" data-element_type=\"section\" data-e-type=\"section\" data-settings=\"{&quot;background_background&quot;:&quot;classic&quot;}\">\n\t\t\t\t\t\t<div class=\"elementor-container elementor-column-gap-no\">\n\t\t\t\t\t<div class=\"elementor-column elementor-col-100 elementor-top-column elementor-element elementor-element-2e56cd39\" data-id=\"2e56cd39\" data-element_type=\"column\" data-e-type=\"column\">\n\t\t\t<div class=\"elementor-widget-wrap elementor-element-populated\">\n\t\t\t\t\t\t<div class=\"elementor-element elementor-element-4a083454 elementor-nav-menu__align-center elementor-nav-menu--dropdown-tablet elementor-nav-menu__text-align-aside elementor-nav-menu--toggle elementor-nav-menu--burger elementor-widget elementor-widget-nav-menu\" data-id=\"4a083454\" data-element_type=\"widget\" data-e-type=\"widget\" data-settings=\"{&quot;layout&quot;:&quot;horizontal&quot;,&quot;submenu_icon&quot;:{&quot;value&quot;:&quot;&lt;i class=\\&quot;fas fa-caret-down\\&quot; aria-hidden=\\&quot;true\\&quot;&gt;&lt;\\\/i&gt;&quot;,&quot;library&quot;:&quot;fa-solid&quot;},&quot;toggle&quot;:&quot;burger&quot;}\" data-widget_type=\"nav-menu.default\">\n\t\t\t\t<div class=\"elementor-widget-container\">\n\t\t\t\t\t\t\t\t<nav aria-label=\"Men\u00fa\" class=\"elementor-nav-menu--main elementor-nav-menu__container elementor-nav-menu--layout-horizontal e--pointer-background e--animation-fade\">\n\t\t\t\t<ul id=\"menu-1-4a083454\" class=\"elementor-nav-menu\"><li class=\"menu-item menu-item-type-post_type menu-item-object-page menu-item-home menu-item-has-children menu-item-78\"><a href=\"https:\/\/biof.ufrj.br\/es\" class=\"elementor-item\">IBCCF<\/a>\n<ul class=\"sub-menu elementor-nav-menu--dropdown\">\n\t<li class=\"menu-item menu-item-type-post_type menu-item-object-page menu-item-54\"><a href=\"https:\/\/biof.ufrj.br\/es\/o-instituto-faz-80-anos\/\" class=\"elementor-sub-item\">O Instituto faz 80 anos!<\/a><\/li>\n\t<li class=\"menu-item menu-item-type-post_type menu-item-object-page menu-item-53\"><a href=\"https:\/\/biof.ufrj.br\/es\/ibccf\/nossa-historia\/\" class=\"elementor-sub-item\">Nossa Hist\u00f3ria<\/a><\/li>\n\t<li class=\"menu-item menu-item-type-post_type menu-item-object-page menu-item-51\"><a href=\"https:\/\/biof.ufrj.br\/es\/ibccf\/direcao\/\" class=\"elementor-sub-item\">Dire\u00e7\u00e3o<\/a><\/li>\n\t<li class=\"menu-item menu-item-type-post_type menu-item-object-page menu-item-761\"><a href=\"https:\/\/biof.ufrj.br\/es\/ibccf\/corpo-docente\/\" class=\"elementor-sub-item\">Corpo Docente<\/a><\/li>\n\t<li class=\"menu-item menu-item-type-post_type menu-item-object-page menu-item-60\"><a href=\"https:\/\/biof.ufrj.br\/es\/ibccf\/tecnicos-administrativos\/\" class=\"elementor-sub-item\">T\u00e9cnicos Administrativos<\/a><\/li>\n\t<li class=\"menu-item menu-item-type-post_type menu-item-object-page menu-item-1146\"><a href=\"https:\/\/biof.ufrj.br\/es\/ibccf\/pipd\/\" class=\"elementor-sub-item\">P\u00f3s-Doutorandos<\/a><\/li>\n\t<li class=\"menu-item menu-item-type-post_type menu-item-object-page menu-item-2248\"><a href=\"https:\/\/biof.ufrj.br\/es\/ibccf\/concursos\/\" class=\"elementor-sub-item\">Concursos<\/a><\/li>\n\t<li class=\"menu-item menu-item-type-post_type menu-item-object-page menu-item-55\"><a href=\"https:\/\/biof.ufrj.br\/es\/ibccf\/organograma\/\" class=\"elementor-sub-item\">Organograma<\/a><\/li>\n\t<li class=\"menu-item menu-item-type-post_type menu-item-object-page menu-item-1157\"><a href=\"https:\/\/biof.ufrj.br\/es\/ibccf\/formularios\/\" class=\"elementor-sub-item\">Formul\u00e1rios Institucionais<\/a><\/li>\n\t<li class=\"menu-item menu-item-type-custom menu-item-object-custom menu-item-has-children menu-item-699\"><a href=\"#\" class=\"elementor-sub-item elementor-item-anchor\">Setores Administrativos<\/a>\n\t<ul class=\"sub-menu elementor-nav-menu--dropdown\">\n\t\t<li class=\"menu-item menu-item-type-post_type menu-item-object-page menu-item-713\"><a href=\"https:\/\/biof.ufrj.br\/es\/ibccf\/setores-administrativos\/administracao-sede\/\" class=\"elementor-sub-item\">Administra\u00e7\u00e3o da Sede<\/a><\/li>\n\t\t<li class=\"menu-item menu-item-type-post_type menu-item-object-page menu-item-711\"><a href=\"https:\/\/biof.ufrj.br\/es\/ibccf\/setores-administrativos\/secao-almoxarifado\/\" class=\"elementor-sub-item\">Se\u00e7\u00e3o de Almoxarifado<\/a><\/li>\n\t\t<li class=\"menu-item menu-item-type-post_type menu-item-object-page menu-item-710\"><a href=\"https:\/\/biof.ufrj.br\/es\/ibccf\/setores-administrativos\/secao-apoio-projetos\/\" class=\"elementor-sub-item\">Se\u00e7\u00e3o de Apoio a Projetos<\/a><\/li>\n\t\t<li class=\"menu-item menu-item-type-post_type menu-item-object-page menu-item-712\"><a href=\"https:\/\/biof.ufrj.br\/es\/ibccf\/setores-administrativos\/secao-financeira\/\" class=\"elementor-sub-item\">Se\u00e7\u00e3o Financeira<\/a><\/li>\n\t\t<li class=\"menu-item menu-item-type-post_type menu-item-object-page menu-item-708\"><a href=\"https:\/\/biof.ufrj.br\/es\/ibccf\/setores-administrativos\/secao-compras\/\" class=\"elementor-sub-item\">Se\u00e7\u00e3o de Compras<\/a><\/li>\n\t\t<li class=\"menu-item menu-item-type-post_type menu-item-object-page menu-item-707\"><a href=\"https:\/\/biof.ufrj.br\/es\/ibccf\/setores-administrativos\/secao-patrimonio\/\" class=\"elementor-sub-item\">Se\u00e7\u00e3o de Patrim\u00f4nio<\/a><\/li>\n\t\t<li class=\"menu-item menu-item-type-post_type menu-item-object-page menu-item-709\"><a href=\"https:\/\/biof.ufrj.br\/es\/ibccf\/setores-administrativos\/secao-pessoal\/\" class=\"elementor-sub-item\">Se\u00e7\u00e3o de Pessoal<\/a><\/li>\n\t<\/ul>\n<\/li>\n<\/ul>\n<\/li>\n<li class=\"menu-item menu-item-type-post_type menu-item-object-page menu-item-1672\"><a href=\"https:\/\/biof.ufrj.br\/es\/cpmp\/\" class=\"elementor-item\">Edif\u00edcio CPMP<\/a><\/li>\n<li class=\"menu-item menu-item-type-custom menu-item-object-custom menu-item-253\"><a href=\"https:\/\/pesquisa.biof.ufrj.br\/\" class=\"elementor-item\">Pesquisa<\/a><\/li>\n<li class=\"menu-item menu-item-type-custom menu-item-object-custom menu-item-250\"><a href=\"https:\/\/www.posgraduacao.biof.ufrj.br\/\" class=\"elementor-item\">P\u00f3s-Gradua\u00e7\u00e3o<\/a><\/li>\n<li class=\"menu-item menu-item-type-custom menu-item-object-custom menu-item-254\"><a href=\"https:\/\/graduacao.biof.ufrj.br\/\" class=\"elementor-item\">Gradua\u00e7\u00e3o<\/a><\/li>\n<li class=\"menu-item menu-item-type-custom menu-item-object-custom menu-item-252\"><a href=\"https:\/\/www.extensao.biof.ufrj.br\/\" class=\"elementor-item\">Extens\u00e3o<\/a><\/li>\n<li class=\"menu-item menu-item-type-custom menu-item-object-custom menu-item-251\"><a href=\"https:\/\/www.biosseguranca.biof.ufrj.br\/\" class=\"elementor-item\">Biosseguran\u00e7a<\/a><\/li>\n<li class=\"menu-item menu-item-type-custom menu-item-object-custom menu-item-255\"><a href=\"https:\/\/relacoesinternacionais.biof.ufrj.br\/\" class=\"elementor-item\">Rela\u00e7\u00f5es Internacionais<\/a><\/li>\n<li class=\"menu-item menu-item-type-custom menu-item-object-custom menu-item-256\"><a href=\"https:\/\/cmdfa.biof.ufrj.br\/\" class=\"elementor-item\">CMDFA<\/a><\/li>\n<li class=\"menu-item menu-item-type-custom menu-item-object-custom menu-item-257\"><a href=\"https:\/\/emccf.biof.ufrj.br\/\" class=\"elementor-item\">Museu EMCCF<\/a><\/li>\n<\/ul>\t\t\t<\/nav>\n\t\t\t\t\t<div class=\"elementor-menu-toggle\" role=\"button\" tabindex=\"0\" aria-label=\"Alternar men\u00fa\" aria-expanded=\"false\">\n\t\t\t<i aria-hidden=\"true\" role=\"presentation\" class=\"elementor-menu-toggle__icon--open eicon-menu-bar\"><\/i><i aria-hidden=\"true\" role=\"presentation\" class=\"elementor-menu-toggle__icon--close eicon-close\"><\/i>\t\t<\/div>\n\t\t\t\t\t<nav class=\"elementor-nav-menu--dropdown elementor-nav-menu__container\" aria-hidden=\"true\">\n\t\t\t\t<ul id=\"menu-2-4a083454\" class=\"elementor-nav-menu\"><li class=\"menu-item menu-item-type-post_type menu-item-object-page menu-item-home menu-item-has-children menu-item-78\"><a href=\"https:\/\/biof.ufrj.br\/es\" class=\"elementor-item\" tabindex=\"-1\">IBCCF<\/a>\n<ul class=\"sub-menu elementor-nav-menu--dropdown\">\n\t<li class=\"menu-item menu-item-type-post_type menu-item-object-page menu-item-54\"><a href=\"https:\/\/biof.ufrj.br\/es\/o-instituto-faz-80-anos\/\" class=\"elementor-sub-item\" tabindex=\"-1\">O Instituto faz 80 anos!<\/a><\/li>\n\t<li class=\"menu-item menu-item-type-post_type menu-item-object-page menu-item-53\"><a href=\"https:\/\/biof.ufrj.br\/es\/ibccf\/nossa-historia\/\" class=\"elementor-sub-item\" tabindex=\"-1\">Nossa Hist\u00f3ria<\/a><\/li>\n\t<li class=\"menu-item menu-item-type-post_type menu-item-object-page menu-item-51\"><a href=\"https:\/\/biof.ufrj.br\/es\/ibccf\/direcao\/\" class=\"elementor-sub-item\" tabindex=\"-1\">Dire\u00e7\u00e3o<\/a><\/li>\n\t<li class=\"menu-item menu-item-type-post_type menu-item-object-page menu-item-761\"><a href=\"https:\/\/biof.ufrj.br\/es\/ibccf\/corpo-docente\/\" class=\"elementor-sub-item\" tabindex=\"-1\">Corpo Docente<\/a><\/li>\n\t<li class=\"menu-item menu-item-type-post_type menu-item-object-page menu-item-60\"><a href=\"https:\/\/biof.ufrj.br\/es\/ibccf\/tecnicos-administrativos\/\" class=\"elementor-sub-item\" tabindex=\"-1\">T\u00e9cnicos Administrativos<\/a><\/li>\n\t<li class=\"menu-item menu-item-type-post_type menu-item-object-page menu-item-1146\"><a href=\"https:\/\/biof.ufrj.br\/es\/ibccf\/pipd\/\" class=\"elementor-sub-item\" tabindex=\"-1\">P\u00f3s-Doutorandos<\/a><\/li>\n\t<li class=\"menu-item menu-item-type-post_type menu-item-object-page menu-item-2248\"><a href=\"https:\/\/biof.ufrj.br\/es\/ibccf\/concursos\/\" class=\"elementor-sub-item\" tabindex=\"-1\">Concursos<\/a><\/li>\n\t<li class=\"menu-item menu-item-type-post_type menu-item-object-page menu-item-55\"><a href=\"https:\/\/biof.ufrj.br\/es\/ibccf\/organograma\/\" class=\"elementor-sub-item\" tabindex=\"-1\">Organograma<\/a><\/li>\n\t<li class=\"menu-item menu-item-type-post_type menu-item-object-page menu-item-1157\"><a href=\"https:\/\/biof.ufrj.br\/es\/ibccf\/formularios\/\" class=\"elementor-sub-item\" tabindex=\"-1\">Formul\u00e1rios Institucionais<\/a><\/li>\n\t<li class=\"menu-item menu-item-type-custom menu-item-object-custom menu-item-has-children menu-item-699\"><a href=\"#\" class=\"elementor-sub-item elementor-item-anchor\" tabindex=\"-1\">Setores Administrativos<\/a>\n\t<ul class=\"sub-menu elementor-nav-menu--dropdown\">\n\t\t<li class=\"menu-item menu-item-type-post_type menu-item-object-page menu-item-713\"><a href=\"https:\/\/biof.ufrj.br\/es\/ibccf\/setores-administrativos\/administracao-sede\/\" class=\"elementor-sub-item\" tabindex=\"-1\">Administra\u00e7\u00e3o da Sede<\/a><\/li>\n\t\t<li class=\"menu-item menu-item-type-post_type menu-item-object-page menu-item-711\"><a href=\"https:\/\/biof.ufrj.br\/es\/ibccf\/setores-administrativos\/secao-almoxarifado\/\" class=\"elementor-sub-item\" tabindex=\"-1\">Se\u00e7\u00e3o de Almoxarifado<\/a><\/li>\n\t\t<li class=\"menu-item menu-item-type-post_type menu-item-object-page menu-item-710\"><a href=\"https:\/\/biof.ufrj.br\/es\/ibccf\/setores-administrativos\/secao-apoio-projetos\/\" class=\"elementor-sub-item\" tabindex=\"-1\">Se\u00e7\u00e3o de Apoio a Projetos<\/a><\/li>\n\t\t<li class=\"menu-item menu-item-type-post_type menu-item-object-page menu-item-712\"><a href=\"https:\/\/biof.ufrj.br\/es\/ibccf\/setores-administrativos\/secao-financeira\/\" class=\"elementor-sub-item\" tabindex=\"-1\">Se\u00e7\u00e3o Financeira<\/a><\/li>\n\t\t<li class=\"menu-item menu-item-type-post_type menu-item-object-page menu-item-708\"><a href=\"https:\/\/biof.ufrj.br\/es\/ibccf\/setores-administrativos\/secao-compras\/\" class=\"elementor-sub-item\" tabindex=\"-1\">Se\u00e7\u00e3o de Compras<\/a><\/li>\n\t\t<li class=\"menu-item menu-item-type-post_type menu-item-object-page menu-item-707\"><a href=\"https:\/\/biof.ufrj.br\/es\/ibccf\/setores-administrativos\/secao-patrimonio\/\" class=\"elementor-sub-item\" tabindex=\"-1\">Se\u00e7\u00e3o de Patrim\u00f4nio<\/a><\/li>\n\t\t<li class=\"menu-item menu-item-type-post_type menu-item-object-page menu-item-709\"><a href=\"https:\/\/biof.ufrj.br\/es\/ibccf\/setores-administrativos\/secao-pessoal\/\" class=\"elementor-sub-item\" tabindex=\"-1\">Se\u00e7\u00e3o de Pessoal<\/a><\/li>\n\t<\/ul>\n<\/li>\n<\/ul>\n<\/li>\n<li class=\"menu-item menu-item-type-post_type menu-item-object-page menu-item-1672\"><a href=\"https:\/\/biof.ufrj.br\/es\/cpmp\/\" class=\"elementor-item\" tabindex=\"-1\">Edif\u00edcio CPMP<\/a><\/li>\n<li class=\"menu-item menu-item-type-custom menu-item-object-custom menu-item-253\"><a href=\"https:\/\/pesquisa.biof.ufrj.br\/\" class=\"elementor-item\" tabindex=\"-1\">Pesquisa<\/a><\/li>\n<li class=\"menu-item menu-item-type-custom menu-item-object-custom menu-item-250\"><a href=\"https:\/\/www.posgraduacao.biof.ufrj.br\/\" class=\"elementor-item\" tabindex=\"-1\">P\u00f3s-Gradua\u00e7\u00e3o<\/a><\/li>\n<li class=\"menu-item menu-item-type-custom menu-item-object-custom menu-item-254\"><a href=\"https:\/\/graduacao.biof.ufrj.br\/\" class=\"elementor-item\" tabindex=\"-1\">Gradua\u00e7\u00e3o<\/a><\/li>\n<li class=\"menu-item menu-item-type-custom menu-item-object-custom menu-item-252\"><a href=\"https:\/\/www.extensao.biof.ufrj.br\/\" class=\"elementor-item\" tabindex=\"-1\">Extens\u00e3o<\/a><\/li>\n<li class=\"menu-item menu-item-type-custom menu-item-object-custom menu-item-251\"><a href=\"https:\/\/www.biosseguranca.biof.ufrj.br\/\" class=\"elementor-item\" tabindex=\"-1\">Biosseguran\u00e7a<\/a><\/li>\n<li class=\"menu-item menu-item-type-custom menu-item-object-custom menu-item-255\"><a href=\"https:\/\/relacoesinternacionais.biof.ufrj.br\/\" class=\"elementor-item\" tabindex=\"-1\">Rela\u00e7\u00f5es Internacionais<\/a><\/li>\n<li class=\"menu-item menu-item-type-custom menu-item-object-custom menu-item-256\"><a href=\"https:\/\/cmdfa.biof.ufrj.br\/\" class=\"elementor-item\" tabindex=\"-1\">CMDFA<\/a><\/li>\n<li class=\"menu-item menu-item-type-custom menu-item-object-custom menu-item-257\"><a href=\"https:\/\/emccf.biof.ufrj.br\/\" class=\"elementor-item\" tabindex=\"-1\">Museu EMCCF<\/a><\/li>\n<\/ul>\t\t\t<\/nav>\n\t\t\t\t\t\t<\/div>\n\t\t\t\t<\/div>\n\t\t\t\t\t<\/div>\n\t\t<\/div>\n\t\t\t\t\t<\/div>\n\t\t<\/nav>\n\t\t\t\t<\/div>","protected":false},"excerpt":{"rendered":"<p>Instituto de Biof\u00edsica Carlos Chagas Filho<\/p>","protected":false},"author":1,"featured_media":0,"parent":76,"menu_order":0,"comment_status":"closed","ping_status":"closed","template":"elementor_canvas","meta":{"footnotes":""},"class_list":["post-28","page","type-page","status-publish","hentry"],"yoast_head":"<!-- This site is optimized with the Yoast SEO plugin v27.4 - https:\/\/yoast.com\/product\/yoast-seo-wordpress\/ -->\n<title>Setores Administrativos - Instituto de Biofisica Carlos Chagas Filho<\/title>\n<meta name=\"robots\" content=\"index, follow, max-snippet:-1, max-image-preview:large, max-video-preview:-1\" \/>\n<link rel=\"canonical\" href=\"https:\/\/biof.ufrj.br\/es\/ibccf\/setores-administrativos\/\" \/>\n<meta property=\"og:locale\" content=\"es_ES\" \/>\n<meta property=\"og:type\" content=\"article\" \/>\n<meta property=\"og:title\" content=\"Setores Administrativos - Instituto de Biofisica Carlos Chagas Filho\" \/>\n<meta property=\"og:description\" content=\"Instituto de Biof\u00edsica Carlos Chagas Filho\" \/>\n<meta property=\"og:url\" content=\"https:\/\/biof.ufrj.br\/es\/ibccf\/setores-administrativos\/\" \/>\n<meta property=\"og:site_name\" content=\"Instituto de Biofisica Carlos Chagas Filho\" \/>\n<meta property=\"article:modified_time\" content=\"2020-10-10T19:51:56+00:00\" \/>\n<meta name=\"twitter:card\" content=\"summary_large_image\" \/>\n<script type=\"application\/ld+json\" class=\"yoast-schema-graph\">{\"@context\":\"https:\\\/\\\/schema.org\",\"@graph\":[{\"@type\":\"WebPage\",\"@id\":\"https:\\\/\\\/biof.ufrj.br\\\/ibccf\\\/setores-administrativos\\\/\",\"url\":\"https:\\\/\\\/biof.ufrj.br\\\/ibccf\\\/setores-administrativos\\\/\",\"name\":\"Setores Administrativos - Instituto de Biofisica Carlos Chagas Filho\",\"isPartOf\":{\"@id\":\"https:\\\/\\\/biof.ufrj.br\\\/#website\"},\"datePublished\":\"2020-08-22T22:42:37+00:00\",\"dateModified\":\"2020-10-10T19:51:56+00:00\",\"breadcrumb\":{\"@id\":\"https:\\\/\\\/biof.ufrj.br\\\/ibccf\\\/setores-administrativos\\\/#breadcrumb\"},\"inLanguage\":\"es\",\"potentialAction\":[{\"@type\":\"ReadAction\",\"target\":[\"https:\\\/\\\/biof.ufrj.br\\\/ibccf\\\/setores-administrativos\\\/\"]}]},{\"@type\":\"BreadcrumbList\",\"@id\":\"https:\\\/\\\/biof.ufrj.br\\\/ibccf\\\/setores-administrativos\\\/#breadcrumb\",\"itemListElement\":[{\"@type\":\"ListItem\",\"position\":1,\"name\":\"In\u00edcio\",\"item\":\"https:\\\/\\\/biof.ufrj.br\\\/\"},{\"@type\":\"ListItem\",\"position\":2,\"name\":\"IBCCF\",\"item\":\"https:\\\/\\\/biof.ufrj.br\\\/\"},{\"@type\":\"ListItem\",\"position\":3,\"name\":\"Setores Administrativos\"}]},{\"@type\":\"WebSite\",\"@id\":\"https:\\\/\\\/biof.ufrj.br\\\/#website\",\"url\":\"https:\\\/\\\/biof.ufrj.br\\\/\",\"name\":\"Instituto de Biofisica Carlos Chagas Filho\",\"description\":\"Instituto de Biof\u00edsica Carlos Chagas Filho\",\"publisher\":{\"@id\":\"https:\\\/\\\/biof.ufrj.br\\\/#organization\"},\"potentialAction\":[{\"@type\":\"SearchAction\",\"target\":{\"@type\":\"EntryPoint\",\"urlTemplate\":\"https:\\\/\\\/biof.ufrj.br\\\/?s={search_term_string}\"},\"query-input\":{\"@type\":\"PropertyValueSpecification\",\"valueRequired\":true,\"valueName\":\"search_term_string\"}}],\"inLanguage\":\"es\"},{\"@type\":\"Organization\",\"@id\":\"https:\\\/\\\/biof.ufrj.br\\\/#organization\",\"name\":\"Instituto de Biofisica Carlos Chagas Filho\",\"url\":\"https:\\\/\\\/biof.ufrj.br\\\/\",\"logo\":{\"@type\":\"ImageObject\",\"inLanguage\":\"es\",\"@id\":\"https:\\\/\\\/biof.ufrj.br\\\/#\\\/schema\\\/logo\\\/image\\\/\",\"url\":\"https:\\\/\\\/biof.ufrj.br\\\/wp-content\\\/uploads\\\/2020\\\/09\\\/cropped-logo-IBCCF-comnome.png\",\"contentUrl\":\"https:\\\/\\\/biof.ufrj.br\\\/wp-content\\\/uploads\\\/2020\\\/09\\\/cropped-logo-IBCCF-comnome.png\",\"width\":626,\"height\":195,\"caption\":\"Instituto de Biofisica Carlos Chagas Filho\"},\"image\":{\"@id\":\"https:\\\/\\\/biof.ufrj.br\\\/#\\\/schema\\\/logo\\\/image\\\/\"}}]}<\/script>\n<!-- \/ Yoast SEO plugin. -->","yoast_head_json":{"title":"Setores Administrativos - Instituto de Biofisica Carlos Chagas Filho","robots":{"index":"index","follow":"follow","max-snippet":"max-snippet:-1","max-image-preview":"max-image-preview:large","max-video-preview":"max-video-preview:-1"},"canonical":"https:\/\/biof.ufrj.br\/es\/ibccf\/setores-administrativos\/","og_locale":"es_ES","og_type":"article","og_title":"Setores Administrativos - Instituto de Biofisica Carlos Chagas Filho","og_description":"Instituto de Biof\u00edsica Carlos Chagas Filho","og_url":"https:\/\/biof.ufrj.br\/es\/ibccf\/setores-administrativos\/","og_site_name":"Instituto de Biofisica Carlos Chagas Filho","article_modified_time":"2020-10-10T19:51:56+00:00","twitter_card":"summary_large_image","schema":{"@context":"https:\/\/schema.org","@graph":[{"@type":"WebPage","@id":"https:\/\/biof.ufrj.br\/ibccf\/setores-administrativos\/","url":"https:\/\/biof.ufrj.br\/ibccf\/setores-administrativos\/","name":"Setores Administrativos - Instituto de Biofisica Carlos Chagas Filho","isPartOf":{"@id":"https:\/\/biof.ufrj.br\/#website"},"datePublished":"2020-08-22T22:42:37+00:00","dateModified":"2020-10-10T19:51:56+00:00","breadcrumb":{"@id":"https:\/\/biof.ufrj.br\/ibccf\/setores-administrativos\/#breadcrumb"},"inLanguage":"es","potentialAction":[{"@type":"ReadAction","target":["https:\/\/biof.ufrj.br\/ibccf\/setores-administrativos\/"]}]},{"@type":"BreadcrumbList","@id":"https:\/\/biof.ufrj.br\/ibccf\/setores-administrativos\/#breadcrumb","itemListElement":[{"@type":"ListItem","position":1,"name":"In\u00edcio","item":"https:\/\/biof.ufrj.br\/"},{"@type":"ListItem","position":2,"name":"IBCCF","item":"https:\/\/biof.ufrj.br\/"},{"@type":"ListItem","position":3,"name":"Setores Administrativos"}]},{"@type":"WebSite","@id":"https:\/\/biof.ufrj.br\/#website","url":"https:\/\/biof.ufrj.br\/","name":"Instituto de Biofisica Carlos Chagas Filho","description":"Instituto de Biof\u00edsica Carlos Chagas Filho","publisher":{"@id":"https:\/\/biof.ufrj.br\/#organization"},"potentialAction":[{"@type":"SearchAction","target":{"@type":"EntryPoint","urlTemplate":"https:\/\/biof.ufrj.br\/?s={search_term_string}"},"query-input":{"@type":"PropertyValueSpecification","valueRequired":true,"valueName":"search_term_string"}}],"inLanguage":"es"},{"@type":"Organization","@id":"https:\/\/biof.ufrj.br\/#organization","name":"Instituto de Biofisica Carlos Chagas Filho","url":"https:\/\/biof.ufrj.br\/","logo":{"@type":"ImageObject","inLanguage":"es","@id":"https:\/\/biof.ufrj.br\/#\/schema\/logo\/image\/","url":"https:\/\/biof.ufrj.br\/wp-content\/uploads\/2020\/09\/cropped-logo-IBCCF-comnome.png","contentUrl":"https:\/\/biof.ufrj.br\/wp-content\/uploads\/2020\/09\/cropped-logo-IBCCF-comnome.png","width":626,"height":195,"caption":"Instituto de Biofisica Carlos Chagas Filho"},"image":{"@id":"https:\/\/biof.ufrj.br\/#\/schema\/logo\/image\/"}}]}},"_links":{"self":[{"href":"https:\/\/biof.ufrj.br\/es\/wp-json\/wp\/v2\/pages\/28","targetHints":{"allow":["GET"]}}],"collection":[{"href":"https:\/\/biof.ufrj.br\/es\/wp-json\/wp\/v2\/pages"}],"about":[{"href":"https:\/\/biof.ufrj.br\/es\/wp-json\/wp\/v2\/types\/page"}],"author":[{"embeddable":true,"href":"https:\/\/biof.ufrj.br\/es\/wp-json\/wp\/v2\/users\/1"}],"replies":[{"embeddable":true,"href":"https:\/\/biof.ufrj.br\/es\/wp-json\/wp\/v2\/comments?post=28"}],"version-history":[{"count":2,"href":"https:\/\/biof.ufrj.br\/es\/wp-json\/wp\/v2\/pages\/28\/revisions"}],"predecessor-version":[{"id":195,"href":"https:\/\/biof.ufrj.br\/es\/wp-json\/wp\/v2\/pages\/28\/revisions\/195"}],"up":[{"embeddable":true,"href":"https:\/\/biof.ufrj.br\/es\/wp-json\/wp\/v2\/pages\/76"}],"wp:attachment":[{"href":"https:\/\/biof.ufrj.br\/es\/wp-json\/wp\/v2\/media?parent=28"}],"curies":[{"name":"wp","href":"https:\/\/api.w.org\/{rel}","templated":true}]}}